{"id":93,"date":"2016-06-03T10:04:06","date_gmt":"2016-06-03T08:04:06","guid":{"rendered":"http:\/\/nicugane.ro\/nou\/?page_id=93"},"modified":"2016-06-03T10:07:51","modified_gmt":"2016-06-03T08:07:51","slug":"patronul-spiritual","status":"publish","type":"page","link":"https:\/\/nicugane.ro\/nou\/istoric\/patronul-spiritual\/","title":{"rendered":"Patronul spiritual"},"content":{"rendered":"<h3 style=\"text-align: justify;\"><strong>Nicu Gane \u2013 repere biografice<\/strong><\/h3>\n<p style=\"text-align: justify;\"><strong>1838 <em>1 februarie<\/em><\/strong><em>. <\/em>Se na\u015fte, la F\u0103lticeni, Nicolae Gane, fiu al postelnicului Matei Gane \u015fi al Ruxandei, n\u0103scut\u0103 V\u0103sescu. Tat\u0103l s\u0103u, om cu oarecare cultur\u0103 \u00een epoc\u0103, mai avea trei fra\u0163i: Enachi (poet), Costachi (tradu\u00adc\u0103tor) \u015fi Dimitrie &#8211; socrul lui Constantin Negruzzi. Familia Gane era o veche familie boiereasc\u0103, atestat\u0103 \u00een actele voievodale cu 400 de ani \u00een urm\u0103.<\/p>\n<p style=\"text-align: justify;\"><strong><img decoding=\"async\" class=\"alignright\" src=\"http:\/\/nicugane.ro\/articole\/img\/NG_mare.jpg\" alt=\"Nicu Gane\" \/>1843 <\/strong>\u00a0\u00a0Este \u00eenscris la \u015fcoala primar\u0103 din F\u0103lticeni<br \/>\ncondus\u0103 de preotul Neofit Scriban &#8211; viitorul arhimandrit \u015fi membru \u00een Divanul Ad-hoc. Totodat\u0103 ia lec\u0163ii de german\u0103 de la &#8220;profesorul&#8221; Ziegmary &#8211; care era un v\u00e2n\u0103tor vestit ce-i va insufla t\u00e2n\u0103rului \u00eenv\u0103\u0163\u0103cel dragostea pentru v\u00e2n\u0103toare.<br \/>\n<strong>1847<\/strong> La terminarea \u015fcolii primare pleac\u0103 la Ia\u015fi, unde \u00ee\u015fi continu\u0103 studiile la pensionul lui Louis Jordan.<br \/>\n<strong>1857<\/strong> Este numit secretar-translator (cuno\u015ftea bine germana \u015fi franceza) pe l\u00e2ng\u0103 directorul \u00eenchisorilor din Moldova, post din care demisionea\u00adz\u0103 \u00een scurt timp.<br \/>\n<strong>1857-1859 <\/strong>Este membru al Tribunalului din Suceava. \u00cen aceast\u0103 perioad\u0103 particip\u0103 la \u00eentrunirile de la Ia\u015fi \u015fi de la M\u0103n\u0103stirea Slatina dedicate Unirii Principatelor Rom\u00e2ne.<br \/>\n<strong>1859<\/strong>\u00a0\u00a0 5 <em>ianuarie. <\/em>Particip\u0103 la \u00eentrunirea de la Ia\u015fi care \u00eel va desemna ca domnitor pe Alexandru Ioan Cuza.<br \/>\n<strong>1860<\/strong>\u00a0\u00a0\u00a0 Este numit pre\u015fedinte al Tribunalului din Suceava.<br \/>\n<strong>1861<\/strong>\u00a0\u00a0\u00a0 Este numit membru al &#8220;Cur\u0163ii de \u00eent\u0103rituri&#8221; de la Ia\u015fi.<\/p>\n<p style=\"text-align: justify;\"><strong>1863<\/strong>\u00a0\u00a0 Prefect al jude\u0163ului Suceava. La scurt timp este transferat prefect de Dorohoi, unde r\u0103m\u00e2ne p\u00e2n\u0103 \u00een 1865.<br \/>\n\u00cen timpul liber este atras din ce \u00een ce mai mult de expedi\u0163iile cinegetice care-i vor inspira mare parte din scrierile sale.<br \/>\n<strong>1864<\/strong>\u00a0\u00a0 La cererea lui, este numit membru al Cur\u0163ii din Foc\u015fani. \u00cen iulie, \u00eempreun\u0103 cu fratele s\u0103u Matei, \u00eentreprinde o excursie \u00een Bucovina. Priveli\u015ftile bucovinene, unice \u00een spa\u0163iul rom\u00e2nesc, \u00ee\u015fi vor g\u0103si loc \u00een viitoarele sale scrieri literare.<br \/>\n<strong>1865<\/strong>\u00a0\u00a0\u00a0 La cererea sa, este mutat la Ia\u015fi, unde este numit pre\u015fedinte al Cur\u0163ii de Jura\u0163i. Este anul de cotitur\u0103 \u00een via\u0163a \u015fi activitatea lui Nicu Gane: devine membru al &#8220;Junimii&#8221; (\u00eenfiin\u0163at\u0103 la Ia\u015fi, \u00een 1863). La &#8220;Junimea&#8221; este prezentat de V. Pogor (coleg de magistratur\u0103) \u015fi fra\u0163ii Leon \u015fi Iacob Negruzzi.<br \/>\n<strong>1867<\/strong>\u00a0\u00a0 \u00centr-o \u015fedin\u0163\u0103 a &#8220;Junimii&#8221; prezint\u0103 prima sa scriere literar\u0103 \u00een proz\u0103: <em>Fluierul lui \u015etefan.<\/em>Autorul fiind foarte emo\u0163ionat, nuvela este citit\u0103 de Titu Maiorescu care, la sf\u00e2r\u015fitul lecturii exclam\u0103: &#8220;Ei bine&#8230; domnilor, iat\u0103 o nuvel\u0103!&#8221; \u00cen acela\u015fi an public\u0103 <em>Fluierul lui \u015etefan <\/em>(scriere puternic influen\u0163at\u0103 de <em>Toader \u015fi M\u0103rinda <\/em>de V. Alecsandri), \u00eempreun\u0103 cu <em>Piatra lui Osman, <\/em>\u00een &#8220;Convorbiri literare&#8221;, revist\u0103 care \u00eencepuse s\u0103 apar\u0103 de la 1 martie.<br \/>\n<em>iulie-august. <\/em>\u00cempreun\u0103 cu fra\u0163ii Nerguzzi, \u00eentreprinde o c\u0103l\u0103torie \u00een Elve\u0163ia, Fran\u0163a \u015fi Belgia.<br \/>\n<em>noiembrie. <\/em>Ia parte la cel dint\u00e2i banchet al &#8220;Junimii&#8221;, \u0163inut \u00een casele lui Titu Maiorescu (la patru ani de la \u00eenfiin\u0163area &#8220;Junimii&#8221;).<br \/>\nSpre sf\u00e2r\u015fitul anului, este transferat la Foc\u015fani ca pre\u015fedinte de sec\u0163ie la Curtea de Apel, dar demisioneaz\u0103 \u00een scurt timp, \u00eempreun\u0103 cu al\u0163i colaboratori, neadmi\u0163\u00e2nd unele nereguli \u00eempotriva legii.<br \/>\n<em>15 decembrie. <\/em>Public\u0103 \u00een &#8220;Convorbiri literare&#8221; poeziile <em>Doi ochi <\/em>\u015fi <em>Steaua de-amor.<\/em><br \/>\n<strong>1868<\/strong>\u00a0\u00a0\u00a0 Nicu Gane refuz\u0103 postul de \u015fef de sec\u0163ie la Curtea de Apel de la Foc\u015fani, post oferit de noul guvern. Practic\u0103 avocatura la Ia\u015fi.<br \/>\n\u00cen &#8220;Convorbiri literare&#8221; \u00eei apare scrierea <em>Comoara de pe Rar\u0103u.<\/em><br \/>\n<strong>1869<\/strong>\u00a0\u00a0\u00a0 <em>11 mai. <\/em>Nicolae Gane se c\u0103s\u0103tore\u015fte la Ia\u015fi cu Sofia Stoianovici. Fiind numit procuror general la Curtea de Apel din Ia\u015fi, Nicu Gane \u0163ine Discursul inaugural.<br \/>\n<strong>1870<\/strong>\u00a0\u00a0\u00a0 Este numit prefect de Ia\u015fi, func\u0163ie din care demisioneaz\u0103 \u00een decembrie.<br \/>\n<strong>1872<\/strong>\u00a0\u00a0 Ales deputat de Suceava, Nicu Gane este prins din ce \u00een ce mai mult \u00een via\u0163a politic\u0103 a timpului.<br \/>\n<em>17 <\/em>iul<em>ie. <\/em>Este ales pentru prima oar\u0103 primar al Ia\u015fului, func\u0163ie \u00een care r\u0103m\u00e2ne p\u00e2n\u0103 \u00een 1876. Ca primar, schimb\u0103 fa\u0163a ora\u015fului, se paveaz\u0103 numeroase str\u0103zi, se introduce iluminarea cu gaz. \u00cempreun\u0103 cu Iacob Negruzzi, A. Naum, C. Rosetti, \u00eenfiin\u0163eaz\u0103 la Ia\u015fi Tipografia Na\u0163ional\u0103.<br \/>\n<strong>1873<\/strong>\u00a0\u00a0\u00a0 \u00cen &#8220;Convorbiri literare&#8221; public\u0103 nuvela istoric\u0103 <em>Domni\u0163a Ruxandra. <\/em>Public\u0103 primele sale volume de literatur\u0103: <em>\u00cencerc\u0103ri literare <\/em>(primele scrieri \u00een proz\u0103, \u00eentre care \u015fi cinci nuvele) \u015fi<em>Poesii, <\/em>volum semnat cu ini\u0163ialele N. G.<br \/>\n<strong>1874<\/strong>\u00a0\u00a0 Public\u0103 \u00een &#8220;Convorbiri literare&#8221; nuvelele <em>V\u00e2n\u0103toarea <\/em>\u015fi <em>Hatmanul Baltag. <\/em>\u00cen calitate de primar al Ia\u015filor, instituie, la 1 octombrie, pr\u0103znuirea anual\u0103 a lui Grigore Ghica, decapitat de turci, pentru c\u0103 se \u00eempotrivi-se \u00eenstr\u0103in\u0103rii Bucovinei.<br \/>\n<strong>1875<\/strong>\u00a0\u00a0\u00a0 \u00cen aceea\u015fi revist\u0103 public\u0103 <em>Astronomul \u015fi doftorul, \u015eanta.<\/em><br \/>\n<strong>1876<\/strong>\u00a0\u00a0 \u00cen &#8220;Convorbiri literare&#8221; \u00eei apar nuvelele <em>Duduca Bala\u015fa <\/em>\u015fi <em>C\u00e2nele B\u0103lan.<\/em><br \/>\n<strong>1877 <\/strong>\u00a0\u00a0\u00cen revista de la Ia\u015fi \u00eei apar nuvelele <em>Petru Rare\u015f <\/em>\u015fi <em>Andrei <\/em>Fl<em>orea Curcanul. <\/em>\u00cen volumul<em>Rum\u0103nische Skizzen, <\/em>publicat la Bucure\u015fti, \u00eei apare <em>\u015eanta <\/em>(traducere \u00een german\u0103 de Mite Kremnitz).<br \/>\n<strong>1879<\/strong>\u00a0\u00a0\u00a0 \u00cen &#8220;Convorbiri literare&#8221; public\u0103 <em>\u00cen vacan\u0163e, Sf\u00e2ntul Andrei, Ochii mamei.<\/em><br \/>\n<strong>1880<\/strong>\u00a0\u00a0\u00a0 \u00cen revista &#8220;Junimii&#8221; \u00eei apar <em>Aliu<\/em>\u0163\u0103 <em>\u015fi Petrea Dasc\u0103lul <\/em>(dou\u0103 dintre cele mai bune nuvele ale scriitorului).<br \/>\nLa Tipografia Na\u0163ional\u0103 din Ia\u015fi, Nicu Gane public\u0103 prima edi\u0163ie: <strong>Novele, I, II, <\/strong>cu dedica\u0163ia: &#8220;Amicilor mei din Junimea&#8221;<br \/>\n<strong>1881<\/strong>\u00a0\u00a0 \u00a0\u00cen &#8220;Convorbiri literare&#8221; public\u0103 <em>Stejarul din Borze\u015fti.<\/em><br \/>\n<em>27 aprilie. <\/em>Este numit pentru a doua oar\u0103 primar al Ia\u015fului &#8211; dar pentru un termen scurt: la 21 iunie p\u0103r\u0103se\u015fte postul.<br \/>\n<strong>1882 <\/strong>\u00a0\u00a0\u00a0\u00cen &#8220;Convorbiri literare&#8221; apar primele \u015fapte c\u00e2nturi din <em>Infernul <\/em>de Dante Alighieri, \u00een traducerea lui Nicu Gane.<br \/>\n<em>23 martie. <\/em>Nicu Gane este ales membru corespondent al Academiei Rom\u00e2ne la Sec\u0163ia literar\u0103.<br \/>\n\u00cen studiul <em>Literatura rom\u00e2n\u0103 \u015fi str\u0103in\u0103tatea <\/em>(ap\u0103rut \u00een &#8220;Convorbiri literare&#8221;) Titu Maiorescu \u00eel citeaz\u0103 pe Nicu Gane, \u00eempreun\u0103 cu Ioan Slavici \u015fi Iacob Negruzzi printre prozatorii reprezentativi ai epocii. \u00centr-un articol publicat \u00een revista &#8220;Familia&#8221; din Oradea, Ioan Slavici afirm\u0103 c\u0103 &#8220;nuvelele lui Nicu Gane sunt un \u00eensemnat pas spre formarea limbii literare rom\u00e2ne\u015fti.&#8221;<br \/>\n<strong>1883<\/strong>\u00a0\u00a0 <em>5 iunie. <\/em>Al\u0103turi de V. Alecsandri \u015fi I. Negruzzi, particip\u0103 la dezvelirea statuii lui \u015etefan cel Mare \u00een fa\u0163a Palatului Administrativ din Ia\u015fi. Ca membru al Comitetului de ini\u0163iativ\u0103 a ridic\u0103rii statuii, roste\u015fte o entu\u00adziast\u0103 cuv\u00e2ntare. Particip\u0103 la banchetul celei de a XX-a aniver\u0103ri a societ\u0103\u0163ii &#8220;Junimea&#8221;. (Este ini\u0163iatorul unui joc de p\u0103pu\u015fi care imitau \u015fedin\u0163ele literare ale &#8220;Junimii&#8221; \u0163inute \u00een casa lui Vasile Pogor din Ia\u015fi.)<br \/>\n\u00cempreun\u0103 cu G. Panu \u015fi A.D. Xenopol, Nicu Gane trece \u00een Partidul Na\u0163ional Liberal, ceea ce i-a atras critici severe din partea junimi\u015ftilor, \u00eentre care \u015fi Titu Maiorescu.<br \/>\nDeputat \u00een Constituant\u0103, Nicu Gane este ales \u00een Comisia \u00eens\u0103rcinat\u0103 cu redactarea proiectului de modificare a Constitu\u0163iei.<br \/>\n\u00centreprinde o excursie \u00een Mun\u0163ii Neam\u0163ului \u015fi pe Ceahl\u0103u.<br \/>\n<strong>1886<\/strong>\u00a0\u00a0 \u00cen &#8220;Convorbiri literare&#8221; \u00eei apar scrierile <em>Agatocle Leu\u015ftean, Dou\u0103 zile la Sl\u0103nic, Dac-a vrea Dumnezeu <\/em>(sunt ultimele lucr\u0103ri \u00een proz\u0103 publicate \u00een revist\u0103).<br \/>\nEditura Socec din Bucure\u015fti \u00eei tip\u0103re\u015fte <em>Nuvele, <\/em>I, II, III. Edi\u0163ia a II-a, rev\u0103zut\u0103 \u015fi adaos\u0103 (primele dou\u0103 volume reproduc edi\u0163ia din 1880, ultimul &#8211; inedit).<br \/>\n<em>4 iunie. <\/em>Este ales pentru a treia oar\u0103 primar al Ia\u015fului, func\u0163ie \u00een care r\u0103m\u00e2ne p\u00e2n\u0103 \u00een martie 1888.<br \/>\nLa sf\u00e2r\u015fitul lui iulie, \u00eenso\u0163e\u015fte familia primului ministru Ion C. Br\u0103tianu \u00eentr-o excursie \u00een Bucovina \u015fi nordul Moldovei. (Frumuse\u0163ea peisajelor \u015fi peripe\u0163iile tr\u0103ite vor fi prezentate \u00een volumul <em>Zile tr\u0103ite.) <\/em><strong>1888<\/strong>\u00a0\u00a0 <em>1 martie. <\/em>Este numit ministru la Domenii, pentru scurt timp.<br \/>\n<strong>1896<\/strong>\u00a0\u00a0 <em>11 ianuarie. <\/em>Este ales pentru a patra oar\u0103 primar al Ia\u015fului, func\u0163ie \u00een care r\u0103m\u00e2ne p\u00e2n\u0103 \u00een aprilie 1899.<br \/>\n<em>1 decembrie. <\/em>Ca primar, particip\u0103 la inaugurarea Teatrului Na\u0163ional din Ia\u015fi; roste\u015fte un discurs.<br \/>\n<strong>1899<\/strong>\u00a0\u00a0 Face parte din Asocia\u0163ia oamenilor de litere rom\u00e2ni, \u00eenfiin\u0163at\u0103 \u00een acest an de Bogdan Petriceicu Hasdeu.<br \/>\nLa Socec, la Bucure\u015fti, \u00ee\u015fi reediteaz\u0103 cele trei volume de <em>Nuvele, <\/em>cu unele revizuiri ale textului.<br \/>\n<strong>1901<\/strong>\u00a0\u00a0 Este numit prefect al jude\u0163ului Ia\u015fi.<br \/>\nPublic\u0103 volumul de publicistic\u0103 <em>Pagini r\u0103zle\u0163e. <\/em><br \/>\n<strong>1903<\/strong>\u00a0\u00a0 Public\u0103 volumul autobiografic <em>Zile tr\u0103ite.<\/em><br \/>\nLa Cern\u0103u\u0163i apare o traducere \u00een limba german\u0103 din nuvelele repre\u00adzentative ale lui Nicu Gane.<br \/>\n<strong>1904<\/strong>\u00a0\u00a0 Public\u0103 volumul de povestiri \u015fi amintiri <em>P\u0103cate m\u0103rturisite <\/em>(prin titlu amintind <em>P\u0103catele tinere\u0163elor <\/em>de C. Negruzzi).<br \/>\n<em>iulie. <\/em>\u00cen volumul <em>Borze\u015ftii \u015fi \u015etefan cel Mare, <\/em>tip\u0103rit la Bucure\u015fti cu prilejul comemor\u0103rii a 400 de ani de la moartea lui \u015etefan cel Mare \u015fi Sf\u00e2nt, apare <em>Stejarul din Borze\u015fti.<\/em><br \/>\n<strong>1906<\/strong>\u00a0\u00a0\u00a0 Colaboreaz\u0103 la &#8220;Via\u0163a rom\u00e2neasc\u0103&#8221;, \u00eenc\u0103 \u00een primul num\u0103r (1 martie) cu articolul <em>Cum am tradus &#8220;Infernul&#8221; de Dante. <\/em>Dup\u0103 apari\u0163ia primu\u00adlui num\u0103r al revistei, la \u00eentrunirea din casa lui C. Stere din Ia\u015fi, parti\u00adcip\u0103 \u015fi Nicu Gane, unul dintre pu\u0163inii junimi\u015fti r\u0103ma\u015fi \u00een via\u0163\u0103. La Ia\u015fi \u00eei apare traducerea integral\u0103 a <em>Infernului <\/em>lui Dante (reeditat\u0103 \u00een anul urm\u0103tor).<br \/>\n<em>15 octombrie. <\/em>Cu prilejul dezvelirii statuii lui V Alecsandri la Ia\u015fi, Nicu Gane aduce bardului de la Mirce\u015fti un emo\u0163ionant omagiu.<br \/>\n\u00cen volumul omagial <em>V. Alecsandri, <\/em>Nicu Gane public\u0103 evocarea <em>Alecsandri ?i Eminescu.<\/em><br \/>\nLa Cern\u0103u\u0163i \u00eei apare cel de al doilea volum de <em>Nuvele <\/em>\u00een traducere german\u0103.<br \/>\n<strong>1907<\/strong>\u00a0\u00a0\u00a0 <em>14 iulie. <\/em>Este numit pentru a cincea oar\u0103 primar al Ia\u015fului, func\u0163ie \u00een care r\u0103m\u00e2ne p\u00e2n\u0103 \u00een ianuarie 1911.<br \/>\n<strong>1907-1908 <\/strong>\u00cen colec\u0163ia &#8220;Biblioteca pentru to\u0163i&#8221; \u00eei apar 3 volume de <em>Nuvele.<\/em><br \/>\n<strong>1908<\/strong>\u00a0\u00a0\u00a0 <em>1 aprilie. <\/em>Nicolae Gane este ales membru activ al Academiei Rom\u00e2ne. (Discursul de recep\u0163ie \u00eel va rosti \u00een \u015fedin\u0163a academic\u0103 din 13 mai 1909. R\u0103spunsul \u00eel va da Iacob Negruzzi.)<br \/>\n<strong>1909<\/strong>\u00a0\u00a0\u00a0 La Editura Sfetea din Bucure\u015fti \u00eei apare ultimul volum tip\u0103rit \u00een timpul vie\u0163ii: <em>Spice<\/em>(Povestiri, amintiri, discursuri comemorative). (Volumul va fi reeditat \u015fi \u00eentregit de autor \u00een 1910.)<br \/>\n<strong>1910<\/strong>\u00a0\u00a0\u00a0 \u00cen albumul <em>Eminescu comemorativ, <\/em>alc\u0103tuit de Octav Minar, Nicu Gane evoc\u0103 <em>\u00een Amintiri <\/em>personalitatea poetului nostru na\u0163ional.<br \/>\n<em>1 aprilie. <\/em>Nicu Gane este numit de c\u0103tre Ministerul Instruc\u0163iunii membru \u00een Comitetul Teatrului Na\u0163ional din Ia\u015fi, al c\u0103rui director era Mihail Sadoveanu.<br \/>\nCu toate c\u0103 a r\u0103mas \u00eentotdeauna legat de locurile natale, Nicu Gane vinde casa p\u0103rinteasc\u0103 din F\u0103lticeni lui Artur Gorovei (rud\u0103 a sa). (\u00cen aceast\u0103 cas\u0103 apare revista de folclor &#8220;\u015eez\u0103toarea&#8221; p\u00e2n\u0103 \u00een 1925.)<br \/>\n\u00cen F\u0103lticeni ia fiin\u0163\u0103 societatea coral\u0103 &#8220;Nicu Gane&#8221;.<br \/>\n<strong>1912<\/strong>\u00a0\u00a0 Colaboreaz\u0103 sporadic la revista &#8220;Flac\u0103ra&#8221;.<br \/>\nNuvela lui Nicu Gane <em>Comoara de pe Rar\u0103u <\/em>apare \u00een traducere german\u0103 \u00een revista <em>Bukarester Tageblatt.<\/em><br \/>\nEste numit pre\u015fedinte al Sec\u0163iei literare a Academiei Rom\u00e2ne.<br \/>\n<strong>1914<\/strong> \u00cen capitolul <em>Povestitori de ieri \u015fi de ast\u0103zi: nuveli\u015fti \u015fi scriitori de schi\u0163e <\/em>din volumul <em>O lupt\u0103 literar\u0103, <\/em>Nicu Iorga \u00eentreprinde o ampl\u0103 analiz\u0103 a nuve\u00adlisticii lui Nicu Gane, comparat\u0103 uneori chiar cu nuvelele lui Slavici. Editura Alcalay din Bucure\u015fti \u00eencepe publicarea unei edi\u0163ii de<em>Opere complete <\/em>&#8211; Nicu Gane. (Nu apare dec\u00e2t vol. I cuprinz\u00e2nd t\u0103lm\u0103cirea <em>Infernului. <\/em>Edi\u0163ia este \u00eentrerupt\u0103 de izbucnirea r\u0103zboiului.)<br \/>\n<strong>1916<\/strong> <strong><em>16 aprilie<\/em><\/strong><em>. <\/em>Se stinge din via\u0163\u0103 la ora opt \u015fi jum\u0103tate seara, la Ia\u015fi, \u00een casa de pe strada care ast\u0103zi \u00eei poart\u0103 numele. \u00cemplinise v\u00e2rsta de 78 de ani.<br \/>\nI s-au organizat funeralii na\u0163ionale, cu participarea reprezentan\u0163ilor institu\u0163iilor culturale \u015fi \u015ftiin\u0163ifice \u015fi a unei delega\u0163ii a jude\u0163ului Suceava. Este \u00eenmorm\u00e2ntat la 19 aprilie \u00een cimitirul Eternitatea din Ia\u015fi. Din partea scriitorilor \u015fi oamenilor de teatru \u00eei aduce ultimul omagiu Mihail Sadoveanu.<\/p>\n<p style=\"text-align: right;\">Extras\u0103 din prefata la &#8220;Stejarul din Borze\u015fti&#8221;, Constantin Mohanu, Ed. Litera, 1998<\/p>\n","protected":false},"excerpt":{"rendered":"<p>Nicu Gane \u2013 repere biografice 1838 1 februarie. Se na\u015fte, la F\u0103lticeni, Nicolae Gane, fiu al postelnicului Matei Gane \u015fi al Ruxandei, n\u0103scut\u0103 V\u0103sescu. Tat\u0103l s\u0103u, om cu oarecare cultur\u0103 \u00een epoc\u0103, mai avea trei fra\u0163i: Enachi (poet), Costachi (tradu\u00adc\u0103tor) <a href=\"https:\/\/nicugane.ro\/nou\/istoric\/patronul-spiritual\/\" class=\"read-more\">Citi\u021bi mai mult&#8230;<\/a><\/p>\n","protected":false},"author":2,"featured_media":0,"parent":81,"menu_order":0,"comment_status":"closed","ping_status":"closed","template":"","meta":[],"categories":[],"_links":{"self":[{"href":"https:\/\/nicugane.ro\/nou\/wp-json\/wp\/v2\/pages\/93"}],"collection":[{"href":"https:\/\/nicugane.ro\/nou\/wp-json\/wp\/v2\/pages"}],"about":[{"href":"https:\/\/nicugane.ro\/nou\/wp-json\/wp\/v2\/types\/page"}],"author":[{"embeddable":true,"href":"https:\/\/nicugane.ro\/nou\/wp-json\/wp\/v2\/users\/2"}],"replies":[{"embeddable":true,"href":"https:\/\/nicugane.ro\/nou\/wp-json\/wp\/v2\/comments?post=93"}],"version-history":[{"count":4,"href":"https:\/\/nicugane.ro\/nou\/wp-json\/wp\/v2\/pages\/93\/revisions"}],"predecessor-version":[{"id":99,"href":"https:\/\/nicugane.ro\/nou\/wp-json\/wp\/v2\/pages\/93\/revisions\/99"}],"up":[{"embeddable":true,"href":"https:\/\/nicugane.ro\/nou\/wp-json\/wp\/v2\/pages\/81"}],"wp:attachment":[{"href":"https:\/\/nicugane.ro\/nou\/wp-json\/wp\/v2\/media?parent=93"}],"wp:term":[{"taxonomy":"category","embeddable":true,"href":"https:\/\/nicugane.ro\/nou\/wp-json\/wp\/v2\/categories?post=93"}],"curies":[{"name":"wp","href":"https:\/\/api.w.org\/{rel}","templated":true}]}}