{"id":81,"date":"2016-06-03T09:27:01","date_gmt":"2016-06-03T07:27:01","guid":{"rendered":"http:\/\/nicugane.ro\/nou\/?page_id=81"},"modified":"2016-06-06T21:09:07","modified_gmt":"2016-06-06T19:09:07","slug":"istoric","status":"publish","type":"page","link":"https:\/\/nicugane.ro\/nou\/istoric\/","title":{"rendered":"Istoric"},"content":{"rendered":"<ul class=\"sub-menu\">\n<li id=\"menu-item-263\" class=\"menu-item menu-item-type-post_type menu-item-object-page menu-item-263\"><a href=\"https:\/\/nicugane.ro\/nou\/istoric\/scurt-istoric\/\">Scurt istoric<\/a><\/li>\n<li id=\"menu-item-262\" class=\"menu-item menu-item-type-post_type menu-item-object-page menu-item-262\"><a href=\"https:\/\/nicugane.ro\/nou\/istoric\/patronul-spiritual\/\">Patronul spiritual<\/a><\/li>\n<li id=\"menu-item-260\" class=\"menu-item menu-item-type-post_type menu-item-object-page menu-item-260\"><a href=\"https:\/\/nicugane.ro\/nou\/istoric\/fosti-directori\/\">Fo\u015fti directori<\/a><\/li>\n<li id=\"menu-item-261\" class=\"menu-item menu-item-type-post_type menu-item-object-page menu-item-261\"><a href=\"https:\/\/nicugane.ro\/nou\/istoric\/fosti-profesori\/\">Fo\u015fti profesori<\/a><\/li>\n<li id=\"menu-item-264\" class=\"menu-item menu-item-type-post_type menu-item-object-page menu-item-264\"><a href=\"https:\/\/nicugane.ro\/nou\/istoric\/sefi-de-promotie-1990-2010\/\">\u015eefi de promo\u0163ie<\/a><\/li>\n<\/ul>\n","protected":false},"excerpt":{"rendered":"<p>Scurt istoric Patronul spiritual Fo\u015fti directori Fo\u015fti profesori \u015eefi de promo\u0163ie<\/p>\n","protected":false},"author":2,"featured_media":0,"parent":0,"menu_order":0,"comment_status":"closed","ping_status":"closed","template":"","meta":[],"categories":[],"_links":{"self":[{"href":"https:\/\/nicugane.ro\/nou\/wp-json\/wp\/v2\/pages\/81"}],"collection":[{"href":"https:\/\/nicugane.ro\/nou\/wp-json\/wp\/v2\/pages"}],"about":[{"href":"https:\/\/nicugane.ro\/nou\/wp-json\/wp\/v2\/types\/page"}],"author":[{"embeddable":true,"href":"https:\/\/nicugane.ro\/nou\/wp-json\/wp\/v2\/users\/2"}],"replies":[{"embeddable":true,"href":"https:\/\/nicugane.ro\/nou\/wp-json\/wp\/v2\/comments?post=81"}],"version-history":[{"count":2,"href":"https:\/\/nicugane.ro\/nou\/wp-json\/wp\/v2\/pages\/81\/revisions"}],"predecessor-version":[{"id":307,"href":"https:\/\/nicugane.ro\/nou\/wp-json\/wp\/v2\/pages\/81\/revisions\/307"}],"wp:attachment":[{"href":"https:\/\/nicugane.ro\/nou\/wp-json\/wp\/v2\/media?parent=81"}],"wp:term":[{"taxonomy":"category","embeddable":true,"href":"https:\/\/nicugane.ro\/nou\/wp-json\/wp\/v2\/categories?post=81"}],"curies":[{"name":"wp","href":"https:\/\/api.w.org\/{rel}","templated":true}]}}