{"id":8,"date":"2016-06-01T19:22:43","date_gmt":"2016-06-01T19:22:43","guid":{"rendered":"http:\/\/nicugane.ro\/nou\/?page_id=8"},"modified":"2020-07-15T12:26:24","modified_gmt":"2020-07-15T10:26:24","slug":"acasa","status":"publish","type":"page","link":"https:\/\/nicugane.ro\/nou\/acasa\/","title":{"rendered":"Despre noi"},"content":{"rendered":"<h1 class=\"style5\" style=\"text-align: left;\" align=\"justify\"><a href=\"https:\/\/nicugane.ro\/nou\/wp-content\/uploads\/2019\/10\/situatie-functii.pdf\">* Situatie posturi cf. L153\/2017\u00a0<\/a><\/h1>\n<h1 align=\"justify\"><\/h1>\n<h1 class=\"style5\" style=\"text-align: center;\" align=\"justify\">Bine a\u021bi venit pe pagina noastr\u0103!<\/h1>\n<p class=\"style5\" align=\"justify\"><strong>Colegiul Na\u0163ional &#8220;Nicu Gane&#8221;<\/strong> nu e doar o institu\u0163ie de \u00eenv\u0103\u0163\u0103m\u00e2nt cu rolul de a educa tinerii, ci e \u015fi un centru cultural. El are menirea de a desf\u0103\u015fura un proces educativ complex reprezentat deopotriv\u0103 de procesul educa\u0163ional propriu-zis, dar \u015fi de ini\u0163ierea \u015fi organizarea unor evenimente socio-culturale cu deschidere mai larg\u0103. \u015ecolar \u015fi extra\u015fcolar devin astfel par\u0163i componente ale unui program unic pe care institu\u0163ia \u00eel desf\u0103\u015foar\u0103 \u015fi sus\u0163ine prin toate mijloacele \u015fi resursele sale. Colegiul devine astfel \u015fi o modalitate de a \u00eencuraja procesul educa\u0163iei permanente, ca \u015fi un factor prin care se men\u0163in\u0103 legatura cu institu\u0163ii \u015fi centre de cultur\u0103 de nivel superior. El se opune astfel fenomenului de izolare pe care l-ar putea presupune statutul comunita\u0163ii c\u0103reia \u00eei apar\u0163ine. De asemenea, reprezint\u0103 o modalitate de propagare a ideilor \u015fi de sus\u0163inere a tinerilor de valoare.<\/p>\n<p class=\"style5\" align=\"justify\">\u00a0\u00a0\u00a0\u00a0\u00a0\u00a0\u00a0\u00a0Colegiul Na\u0163ional &#8220;Nicu Gane&#8221; este un liceu teoretic, de cultur\u0103 general\u0103, cu dou\u0103 nivele: gimnazial \u015fi liceal. La nivel liceal are dou\u0103 profiluri: real si uman. Specializ\u0103rile corespunzatoare acestor profiluri sunt :<\/p>\n<ul>\n<li class=\"style5\">\n<div align=\"left\">pentru profilul real:<br \/>\n&#8211; matematic\u0103-informatic\u0103;<br \/>\n&#8211; \u015ftiin\u0163e ale naturii;<\/div>\n<\/li>\n<li class=\"style5\">\n<div align=\"left\">pentru profilul uman:<br \/>\n&#8211; filologie;<br \/>\n&#8211; \u015ftiin\u0163e socio-umane;<\/div>\n<\/li>\n<\/ul>\n<p>Pe l\u00e2ng\u0103 colegiu func\u0163ioneaz\u0103 un <a href=\"http:\/\/cssnicugane.googlepages.com\/\">club sportiv scolar (CSS)<\/a> cu 5 sec\u0163ii: atletism, volei, box, canotaj, fotbal (pagin\u0103 realizat\u0103 \u015fi \u00eentre\u0163inut\u0103 de prof. antrenor, Ciocan Ionel).<\/p>\n<p class=\"style5\" align=\"justify\">\u00a0\u00a0\u00a0\u00a0\u00a0\u00a0\u00a0\u00a0\u00a0Colegiul Na\u0163ional &#8220;Nicu Gane&#8221; \u00ee\u015fi propune s\u0103 fie o \u015fcoal\u0103 de progres pentru to\u0163i elevii care \u00eei trec pragul, motiv pentru care urm\u0103re\u015fte:<br \/>\n&#8211; s\u0103 valorifice resursele umane, materialele \u015fi experien\u0163a acumulat\u0103 ca liceu teoretic;<br \/>\n&#8211; s\u0103 ofere \u015fanse egale tuturor elevilor printr-o bun\u0103 preg\u0103tire \u015fi consiliere a acestora;<br \/>\n&#8211; s\u0103-\u015fi g\u0103seasc\u0103 parteneri viabili \u00een actul educa\u0163ional;<br \/>\n&#8211; s\u0103 formeze oameni care vor fi capabili s\u0103 se integreze social \u015fi s\u0103 se adapteze cu u\u015furin\u0163\u0103 schimb\u0103rilor impuse de societatea \u00een care tr\u0103im;<br \/>\n&#8211; s\u0103 ofere un \u00eenv\u0103\u0163\u0103m\u00e2nt de calitate care s\u0103-i ajute pe absolven\u0163i s\u0103 se \u00eendrepte fie c\u0103tre institu\u0163iile de \u00eenv\u0103\u0163\u0103m\u00e2nt superior fie s\u0103-\u015fi g\u0103seasc\u0103 un loc de munc\u0103.<\/p>\n<p class=\"style5\" align=\"justify\"><img decoding=\"async\" loading=\"lazy\" class=\"wp-image-302 size-full aligncenter\" src=\"https:\/\/nicugane.ro\/nou\/wp-content\/uploads\/2016\/06\/siglaNG.png\" width=\"197\" height=\"200\" \/><\/p>\n<p class=\"style5\" align=\"justify\">\n","protected":false},"excerpt":{"rendered":"<p>* Situatie posturi cf. L153\/2017\u00a0 Bine a\u021bi venit pe pagina noastr\u0103! Colegiul Na\u0163ional &#8220;Nicu Gane&#8221; nu e doar o institu\u0163ie de \u00eenv\u0103\u0163\u0103m\u00e2nt cu rolul de a educa tinerii, ci e \u015fi un centru cultural. El are menirea de a desf\u0103\u015fura <a href=\"https:\/\/nicugane.ro\/nou\/acasa\/\" class=\"read-more\">Citi\u021bi mai mult&#8230;<\/a><\/p>\n","protected":false},"author":2,"featured_media":0,"parent":0,"menu_order":0,"comment_status":"closed","ping_status":"closed","template":"","meta":[],"categories":[],"_links":{"self":[{"href":"https:\/\/nicugane.ro\/nou\/wp-json\/wp\/v2\/pages\/8"}],"collection":[{"href":"https:\/\/nicugane.ro\/nou\/wp-json\/wp\/v2\/pages"}],"about":[{"href":"https:\/\/nicugane.ro\/nou\/wp-json\/wp\/v2\/types\/page"}],"author":[{"embeddable":true,"href":"https:\/\/nicugane.ro\/nou\/wp-json\/wp\/v2\/users\/2"}],"replies":[{"embeddable":true,"href":"https:\/\/nicugane.ro\/nou\/wp-json\/wp\/v2\/comments?post=8"}],"version-history":[{"count":11,"href":"https:\/\/nicugane.ro\/nou\/wp-json\/wp\/v2\/pages\/8\/revisions"}],"predecessor-version":[{"id":1499,"href":"https:\/\/nicugane.ro\/nou\/wp-json\/wp\/v2\/pages\/8\/revisions\/1499"}],"wp:attachment":[{"href":"https:\/\/nicugane.ro\/nou\/wp-json\/wp\/v2\/media?parent=8"}],"wp:term":[{"taxonomy":"category","embeddable":true,"href":"https:\/\/nicugane.ro\/nou\/wp-json\/wp\/v2\/categories?post=8"}],"curies":[{"name":"wp","href":"https:\/\/api.w.org\/{rel}","templated":true}]}}