{"id":54,"date":"2016-06-02T21:28:21","date_gmt":"2016-06-02T19:28:21","guid":{"rendered":"http:\/\/nicugane.ro\/nou\/?page_id=54"},"modified":"2016-06-03T09:28:13","modified_gmt":"2016-06-03T07:28:13","slug":"scurt-istoric","status":"publish","type":"page","link":"https:\/\/nicugane.ro\/nou\/istoric\/scurt-istoric\/","title":{"rendered":"Scurt istoric"},"content":{"rendered":"<h1 class=\"style5\" style=\"text-align: center;\" align=\"justify\">Colegiul Na\u021bional &#8220;Nicu Gane&#8221; \u00een c\u00e2teva r\u00e2nduri<\/h1>\n<p>&nbsp;<\/p>\n<p>&nbsp;<\/p>\n<p class=\"style5\" align=\"justify\"><strong>3 septembrie 1870<\/strong> &#8211; comitetul permanent pentru \u00eenfiin\u0163area gimnaziului cere Ministerului Instruc\u0163iunii Publice autoriza\u0163ia de func\u0163ionare a gimnaziului, autoriza\u0163ie ce se elibereaz\u0103 \u00een octombrie 1870.<br \/>\n<strong>2 noiembrie 1870<\/strong> &#8211; \u00ce\u015eI DESCHIDE CURSURILE GIMNAZIUL &#8220;ALEXANDRU IOAN I&#8221; CU O CLAS\u0102 DE 20 DE ELEVI.<\/p>\n<p><strong>I. 1870-1892 &#8211; Gimnaziul &#8220;Alexandru Ioan I&#8221;<\/strong><br \/>\nProfesori: Vasile Balomir, Nicolae Beldiceanu, V. T. Lovinescu, A. R. Wagner;<br \/>\nElevi: Arthur Gorovei, \u015etefan \u015eold\u0103nescu.<\/p>\n<p><strong>II. 1892-1923 &#8211; Gimnaziul &#8220;Alecu Donici&#8221;<\/strong><br \/>\n<strong>iarna 1892<\/strong> &#8211; mutarea \u00een noul local de \u015fcoal\u0103;<br \/>\n<strong>1893<\/strong> &#8211; se \u00eenfiin\u0163eaz\u0103 biblioteca;<br \/>\n\u00cen condi\u0163iile ministeriatului Spiru Haret \u015fi ale Legii \u00cenv\u0103\u0163\u0103m\u00e2ntului din 1898, se \u00eenfiin\u0163eaz\u0103 \u00een toamna lui 1920 primele clase de liceu.<br \/>\nProfesori: Nicolae Apostol, George Stino, Anastase Spiridonescu, Mihai Stamatin \u015f.a.<br \/>\nElevi: Mihail Sadoveanu, Eugen Lovinescu, Aurel B\u0103e\u015fu, Constantin Ureche, Aurel George Stino, Anton Holban, Vasile Ciurea, Despina Sadoveanu \u015f.a.<br \/>\nSEMICENTENAR 1921<\/p>\n<p><strong>III. 1923-1948 &#8211; Liceul &#8220;Nicu Gane&#8221;<\/strong><br \/>\n<strong>1 aprilie 1923<\/strong> &#8211; aprobarea Ministerului Instruc\u0163iunii publice pentru ridicarea gimnaziului la rangul de liceu;<br \/>\n<strong>1928 &#8211; 1934<\/strong> &#8211; noi legi ale \u00eenva\u0163\u0103m\u00e2ntului \u00een Rom\u00e2nia;<br \/>\nProfesori: George Stino, Dan Protopopescu, Virgil Tempeanu, Grigore Ilie, Nicolae Tolea, Sorin Gorovei, Gheorghe Ursu, Vasile Ciurea \u015f.a.<br \/>\nElevi: Ion Irimescu, Jules Cazaban, Grigore Vasiliu-Birlic, Petre Jitaru, Mihai \u015eerban, Nicolae Grigora\u015f, Horia Lovinescu, Gheorghe Diaconescu, Aurel Loghin, Constantin Ciopraga, Mihai Gafi\u0163a, Mihai B\u0103cescu \u015f.a.<br \/>\n<strong>1928-1929<\/strong> &#8211; prima serie de liceu cu durat\u0103 de 7 ani;<br \/>\n<strong>1934-1935<\/strong> &#8211; se trece la liceu cu durata de 8 ani.<br \/>\n<strong><br \/>\nIV. 1948 &#8211; 1989 &#8211; liceul \u00een anii postbelici<\/strong><br \/>\n<strong>1948<\/strong> &#8211; o nou\u0103 lege a \u00eenv\u0103\u0163\u0103m\u00e2ntului, liceul ia denumirea de \u015ecoala Medie Mixt\u0103 Nr. 1 F\u0103lticeni, de 11 ani;<br \/>\n<strong>1964<\/strong> &#8211; se \u00eenfiin\u0163eaz\u0103 laboratorul de fizic\u0103 de c\u0103tre profesorul Constantin Popa;<br \/>\n<strong>1969<\/strong> &#8211; func\u0163ioneaz\u0103 cu numele de &#8220;Liceul Nr. 1 F\u0103lticeni&#8221;;<br \/>\n<strong>1970<\/strong> &#8211; S\u0102RB\u0102TOAREA CENTENARULUI LICEULUI \u015eI REDOB\u00c2NDIREA NUMELUI;<br \/>\n<strong>1970<\/strong> &#8211; apari\u0163ia monografiei liceului scris\u0103 de prof. Mihai Iacobescu \u015fi prof. Gheorghe Gafencu;<br \/>\n<strong>1977<\/strong> &#8211; transformarea \u00een liceu mecanic \u015fi cu clase de matematic\u0103-fizic\u0103.<br \/>\nElevi: Dan Nem\u0163eanu, Nicolae Labi\u015f, \u015etefan S. Gorovei, Grigore Ilisei, Elena \u015etefoi \u015f.a.<br \/>\nSocietatea de \u015etiin\u0163e Filologice \u015fi-a adus participan\u0163ii din \u0163ar\u0103 la sesiunile <em>Mihail Sadoveanu <\/em>(1980),<em>Eugen Lovinescu <\/em>(1981), <em>Nicolae Labi\u015f<\/em> (1986) \u015fi <em>Nicu Gane <\/em>(1988);<br \/>\n<strong>1988<\/strong> &#8211; se ini\u0163iaz\u0103 Zilele Liceului la care particip\u0103, de-a lungul anilor, absolven\u0163i ilu\u015ftri.<\/p>\n<p class=\"style5\" align=\"justify\"><strong>V. La hotarul dintre milenii<\/strong><br \/>\n<strong>1990<\/strong> &#8211; Liceul &#8220;Nicu Gane&#8221; redevine liceu teoretic av\u00e2nd clase de matematic\u0103-fizic\u0103, chimie-biologie, informatic\u0103, filologie, limbi str\u0103ine, istorie-\u015ftiin\u0163e sociale \u015fi educa\u0163ie fizic\u0103;<br \/>\n<strong>1991<\/strong> &#8211; se \u00eenfiin\u0163eaz\u0103 laboratorul de informatic\u0103;<br \/>\n<strong>1993 (14-15 iulie)<\/strong> &#8211; comemorarea lui Eugen Lovinescu la 50 de ani de la moarte, cu participarea acad. Constantin Ciopraga, acad. Eugen Simion, a mai multor universitari \u015fi a lui Mircea Tomu\u015f (Secretar de Stat \u00een Ministerul Culturii);<br \/>\n<strong>1994<\/strong> &#8211; apare seria nou\u0103 a &#8220;Revistei Noastre&#8221;;<br \/>\n&#8211; realizarea cabinetului de limba englez\u0103;<br \/>\n<strong>19-20 mai 1995<\/strong> &#8211; s\u0103rb\u0103torirea a 125 de ani de la \u00eenfiin\u0163area Liceului &#8220;Nicu Gane&#8221;;<br \/>\n<strong>1999<\/strong> &#8211; Liceul Teoretic &#8220;Nicu Gane&#8221; devine Colegiul Na\u0163ional &#8220;Nicu Gane&#8221;;<br \/>\n<strong>2000<\/strong> &#8211; laboratorul de informatic\u0103 a fost modernizat;<br \/>\n<strong>2001<\/strong> &#8211; aniversarea lui Eugen Lovinescu prin sesiune \u015ftiin\u0163ific\u0103;<br \/>\n&#8211; s\u0103rb\u0103torirea acad. Constantin Ciopraga la 85 de ani;<br \/>\n<strong>2001, 2002<\/strong> &#8211; realizarea si apari\u0163ia anuarelor colegiului;<br \/>\n<strong>2002, 2003<\/strong> &#8211; &#8220;Revista Noastra&#8221; este laureat\u0103 la faza na\u0163ional\u0103 a concursului revistelor \u015fcolare;<br \/>\n<strong>2003<\/strong> &#8211; a fost amenajat cel de-al doilea laborator de informatic\u0103 ;<br \/>\n&#8211; cabinetul de literatur\u0103 este adaptat curriculumului \u015fcolar actual;<br \/>\n&#8211; apare a doua monografie &#8220;Colegiul Na\u0163ional <em>Nicu Gane <\/em>(1870-2003)&#8221; scrisa de prof. Mioara Gafencu \u015fi prof. Sorin Gafencu;<br \/>\n<strong>2004<\/strong> (iunie) &#8211; vizita participan\u0163ilor la Olimpiada Na\u0163ional\u0103 de Limba Rom\u00e2n\u0103 a minorit\u0103\u0163ilor;<br \/>\n<strong>2005 (martie)<\/strong> &#8211; g\u0103zduirea manifest\u0103rilor din cadrul S\u0103pt\u0103m\u00e2nii Francofoniei, cu participarea TV5;<br \/>\n&#8211; se adopt\u0103 sloganul &#8220;Educa\u0163ie pentru to\u0163i cei dispu\u015fi s\u0103 o primeasc\u0103&#8221;;<br \/>\n&#8211; (mai) &#8211; reuniunea coordonatorilor de proiect Commenius din Letonia, Lituania si Germania;<br \/>\n&#8211; se statornice\u015fte spectacolul elevilor dedicat parin\u0163ilor;<br \/>\n&#8211; (6 decembrie) &#8211; Colegiul Na\u0163ional &#8220;Nicu Gane&#8221; g\u0103zduie\u015fte Simpozionul Na\u0163ional &#8220;Nicolae Labi\u015f&#8221;, cu participarea doamnei Margareta Labi\u015f, a prof. univ. dr. Mircea A. Diaconu, a unor scriitori, inspectori \u015fcolari \u015fi a profesorilor de limba \u015fi literatura rom\u00e2n\u0103 din municipiu \u015fi din zon\u0103.<br \/>\n<strong>2006<\/strong> &#8211; (februarie) &#8211; reuniune de lucru a ANPRO (Asocia\u0163ia Na\u0163ional\u0103 a Profesorilor de limba \u015fi literatura rom\u00e2n\u0103) cu tema PROIECTUL&#8221;Cercuri de lectur\u0103&#8221;;<br \/>\n&#8211; Simpozion Eugen Lovinescu;<br \/>\n&#8211; (septembrie) &#8211; se inaugureaz\u0103 laboratorul AEL &#8211; realizat cu sprijinul Primariei \u015fi al Consiliului reprezentativ al p\u0103rin\u0163ilor;<br \/>\n&#8211; \u00eencep lucr\u0103rile de consolidare \u015fi reabilitare la corpul principal al institu\u0163iei, care dateaz\u0103 din 1892;<br \/>\n&#8211; (29 noiembrie &#8211; 2 decembrie) &#8211; reuniune a participan\u0163ilor, elevi si profesori, din Italia, Turcia, Estonia, Letonia \u015fi din Colegiul &#8220;Nicu Gane&#8221; la Proiectul Comenius &#8220;Metode creative de stimulare a \u00eenv\u0103\u0163\u0103rii limbilor str\u0103ine&#8221;.<br \/>\n<strong>2007<\/strong> &#8211; Se ob\u0163in primele premii interna\u0163ionale din istoria \u015fcolii: Alexandra Corbu, locul IV la Olimpiada Interna\u0163ional\u0103 de Filozofie (\u00eendr. prof. Cristina Nechifor) \u015fi Premiul I la Festivalul muzical al elevilor de la San Nicandro Garganica &#8211; Italia, unde colegiul nostru a fost reprezentat de: Ani\u0163a Gheorghe, Andron Alexandra, Covataru Claudia, Le\u0163i M\u0103d\u0103lina.<br \/>\n<strong>2008 <\/strong>&#8211; din 18 iunie la C.N. &#8220;Sf. Sava&#8221; Bucure\u015fti s-a fondat &#8220;Alian\u0163a Colegiilor Centenare&#8221;, din care facem parte al\u0103turi de alte 20 de colegii.<\/p>\n","protected":false},"excerpt":{"rendered":"<p>Colegiul Na\u021bional &#8220;Nicu Gane&#8221; \u00een c\u00e2teva r\u00e2nduri &nbsp; &nbsp; 3 septembrie 1870 &#8211; comitetul permanent pentru \u00eenfiin\u0163area gimnaziului cere Ministerului Instruc\u0163iunii Publice autoriza\u0163ia de func\u0163ionare a gimnaziului, autoriza\u0163ie ce se elibereaz\u0103 \u00een octombrie 1870. 2 noiembrie 1870 &#8211; \u00ce\u015eI DESCHIDE <a href=\"https:\/\/nicugane.ro\/nou\/istoric\/scurt-istoric\/\" class=\"read-more\">Citi\u021bi mai mult&#8230;<\/a><\/p>\n","protected":false},"author":2,"featured_media":0,"parent":81,"menu_order":0,"comment_status":"closed","ping_status":"closed","template":"","meta":[],"categories":[],"_links":{"self":[{"href":"https:\/\/nicugane.ro\/nou\/wp-json\/wp\/v2\/pages\/54"}],"collection":[{"href":"https:\/\/nicugane.ro\/nou\/wp-json\/wp\/v2\/pages"}],"about":[{"href":"https:\/\/nicugane.ro\/nou\/wp-json\/wp\/v2\/types\/page"}],"author":[{"embeddable":true,"href":"https:\/\/nicugane.ro\/nou\/wp-json\/wp\/v2\/users\/2"}],"replies":[{"embeddable":true,"href":"https:\/\/nicugane.ro\/nou\/wp-json\/wp\/v2\/comments?post=54"}],"version-history":[{"count":9,"href":"https:\/\/nicugane.ro\/nou\/wp-json\/wp\/v2\/pages\/54\/revisions"}],"predecessor-version":[{"id":63,"href":"https:\/\/nicugane.ro\/nou\/wp-json\/wp\/v2\/pages\/54\/revisions\/63"}],"up":[{"embeddable":true,"href":"https:\/\/nicugane.ro\/nou\/wp-json\/wp\/v2\/pages\/81"}],"wp:attachment":[{"href":"https:\/\/nicugane.ro\/nou\/wp-json\/wp\/v2\/media?parent=54"}],"wp:term":[{"taxonomy":"category","embeddable":true,"href":"https:\/\/nicugane.ro\/nou\/wp-json\/wp\/v2\/categories?post=54"}],"curies":[{"name":"wp","href":"https:\/\/api.w.org\/{rel}","templated":true}]}}