{"id":42,"date":"2016-06-02T20:56:27","date_gmt":"2016-06-02T18:56:27","guid":{"rendered":"http:\/\/nicugane.ro\/nou\/?page_id=42"},"modified":"2024-12-12T12:41:22","modified_gmt":"2024-12-12T10:41:22","slug":"contact","status":"publish","type":"page","link":"https:\/\/nicugane.ro\/nou\/contact\/","title":{"rendered":"Contact"},"content":{"rendered":"\n<p>Colegiul Na\u0163ional &#8220;Nicu Gane&#8221; F\u0103lticeni<br>Str. Sucevei, Nr. 105, F\u0103lticeni, jud. Suceava, cod 725200<br>tel\/fax: 40-0230-541227                                                                                                                                                                                            e-mail: nicu_gane@yahoo.com \u00a9Copyright 2020<\/p>\n\n\n\n<p>Contabilitate: 0230-541429<\/p>\n","protected":false},"excerpt":{"rendered":"<p>Colegiul Na\u0163ional &#8220;Nicu Gane&#8221; F\u0103lticeniStr. Sucevei, Nr. 105, F\u0103lticeni, jud. Suceava, cod 725200tel\/fax: 40-0230-541227 e-mail: nicu_gane@yahoo.com \u00a9Copyright 2020 Contabilitate: 0230-541429<\/p>\n","protected":false},"author":2,"featured_media":0,"parent":0,"menu_order":0,"comment_status":"closed","ping_status":"closed","template":"","meta":[],"categories":[],"_links":{"self":[{"href":"https:\/\/nicugane.ro\/nou\/wp-json\/wp\/v2\/pages\/42"}],"collection":[{"href":"https:\/\/nicugane.ro\/nou\/wp-json\/wp\/v2\/pages"}],"about":[{"href":"https:\/\/nicugane.ro\/nou\/wp-json\/wp\/v2\/types\/page"}],"author":[{"embeddable":true,"href":"https:\/\/nicugane.ro\/nou\/wp-json\/wp\/v2\/users\/2"}],"replies":[{"embeddable":true,"href":"https:\/\/nicugane.ro\/nou\/wp-json\/wp\/v2\/comments?post=42"}],"version-history":[{"count":23,"href":"https:\/\/nicugane.ro\/nou\/wp-json\/wp\/v2\/pages\/42\/revisions"}],"predecessor-version":[{"id":3306,"href":"https:\/\/nicugane.ro\/nou\/wp-json\/wp\/v2\/pages\/42\/revisions\/3306"}],"wp:attachment":[{"href":"https:\/\/nicugane.ro\/nou\/wp-json\/wp\/v2\/media?parent=42"}],"wp:term":[{"taxonomy":"category","embeddable":true,"href":"https:\/\/nicugane.ro\/nou\/wp-json\/wp\/v2\/categories?post=42"}],"curies":[{"name":"wp","href":"https:\/\/api.w.org\/{rel}","templated":true}]}}