{"id":33,"date":"2016-06-02T20:35:56","date_gmt":"2016-06-02T18:35:56","guid":{"rendered":"http:\/\/nicugane.ro\/nou\/?page_id=33"},"modified":"2016-10-30T22:07:00","modified_gmt":"2016-10-30T20:07:00","slug":"ecdl","status":"publish","type":"page","link":"https:\/\/nicugane.ro\/nou\/activitati\/ecdl\/","title":{"rendered":"ECDL"},"content":{"rendered":"<h2><strong>Centrul RO311 Colegiul Na\u021bional \u201dNicu Gane\u201d F\u0103lticeni este Centru de Testare Acreditat ECDL<\/strong><\/h2>\n<p><strong>Permisul european de conducere a computerului (<\/strong><strong>ECDL<\/strong><strong> \u2013 <\/strong><strong>European Computer Driving Licence<\/strong><strong>)<\/strong>\u00a0este cel mai r\u0103sp\u00e2ndit standard de certificare a abilit\u0103\u021bilor de utilizare a computerului, recunoscut la nivel interna\u0163ional.<\/p>\n<p>Permisul ECDL este folosit \u015fi recunoscut <strong>\u00een 150 de \u021b\u0103ri<\/strong>\u00a0 de c\u0103tre companii de renume, \u00een administra\u0163ie sau de institu\u0163ii de \u00eenv\u0103\u0163\u0103m\u00e2nt de prestigiu. \u00cen afara Europei, programul este denumit International Computer Driving Licence (ICDL).<\/p>\n<p><strong>\u00a0<\/strong><\/p>\n<h4><strong>Valabilitatea Permisului ECDL<\/strong><\/h4>\n<p><strong>Permisul ECDL ob\u0163inut \u00een Rom\u00e2nia este <\/strong><strong>valabil \u00een oricare \u0163\u0103r\u0103 din lume<\/strong><strong> \u00een care este recunoscut standardul ECDL\/ICDL.<\/strong><\/p>\n<p>Permisul ECDL nu are limit\u0103 de valabilitate \u00een timp, competen\u021bele digitale fiind certificate pe via\u021b\u0103, \u00een conformitate cu programele analitice aferente fiec\u0103rui modul, aflate \u00een vigoare la momentul sus\u021binerii examin\u0103rii.<\/p>\n<p>&nbsp;<\/p>\n<h4><strong>Cui se adreseaz\u0103 certific\u0103rile ECDL?<\/strong><\/h4>\n<p><strong>Tinerii<\/strong>, <strong>elevii<\/strong>, <strong>studen\u021bii<\/strong>, <strong>func\u021bionarii publici<\/strong> sau <strong>angaja\u021bii\u00a0 \u00een companii<\/strong> \u00ee\u0219i pot dovedi abilit\u0103\u021bile IT prin intermediul certific\u0103rilor ECDL.<\/p>\n<p><strong>Nu exist\u0103 limit\u0103 de v\u00e2rst\u0103<\/strong> pentru \u00eenscrierea \u00een programul de certificare ECDL.<\/p>\n<p><strong>\u00a0<\/strong><\/p>\n<h4><strong>Avantaje ECDL <\/strong><\/h4>\n<ul>\n<li><strong>Elevii<\/strong> care de\u021bin Permisul ECDL PROFIL BAC \u00ee\u0219i pot echivala proba de Competen\u021be digitale din cadrul Examenului de Bacalaureat Na\u0163ional. Nivelul de competen\u0163\u0103 digital\u0103 pe diploma de Bacalaureat va fi:<\/li>\n<\/ul>\n<ul>\n<li><strong>\u201cutilizator avansat\u201d<\/strong>, pentru candida\u0163ii care au ob\u0163inut Permisul ECDL PROFIL START BAC<\/li>\n<li><strong>\u201cutilizator experimentat\u201d<\/strong>, pentru candida\u0163ii care au ob\u0163inut Permisul ECDL PROFIL BAC<\/li>\n<\/ul>\n<p style=\"padding-left: 30px;\"><em><strong>Programa pentru ob\u021binerea Permisului ECDL PROFIL BAC<\/strong><\/em><em> corespunde materiei pe care elevii de liceu o parcurg \u00een cadrul orelor de TIC din <strong>programa \u0219colar\u0103 pentru clasele a IX-a \u0219i a X-a<\/strong>. Astfel, liceenii pot s\u0103 se preg\u0103teasca chiar \u00een cadrul orelor de la \u0219coal\u0103 pentru ob\u021binerea unei certific\u0103ri cu recunoa\u0219tere interna\u021bional\u0103.<\/em><\/p>\n<ul>\n<li>ECDL deschide noi oportunit\u0103\u0163i pentru a ob\u0163ine o <strong>burs\u0103\u00a0\u00een str\u0103in\u0103tate<\/strong>.<\/li>\n<li>Competen\u0163ele digitale dovedite cu ECDL pot fi o cerin\u0163\u0103 pentru <strong>accesarea programelor de studii liceale sau universitare din alte \u0163\u0103ri.<\/strong><\/li>\n<\/ul>\n<ul>\n<li><strong>Studen\u021bii <\/strong>\u00ee\u0219i pot echivala diverse cursuri de informatic\u0103 sau birotic\u0103 cu Permisul ECDL la anumite universit\u0103\u021bi.<\/li>\n<\/ul>\n<ul>\n<li>Un <strong>CV este 100% complet<\/strong> cu ECDL<\/li>\n<\/ul>\n<p style=\"padding-left: 30px;\">Permisul ECDL deschide noi oportunit\u0103\u0163i pentru a ob\u0163ine <strong>un loc de munc\u0103 mai bun<\/strong>, \u00eembun\u0103t\u0103\u0163este perspectivele de <strong>promovare \u00een carier\u0103<\/strong> \u0219i scade probabilitatea de a pierde o ofert\u0103 de serviciu.<\/p>\n<ul>\n<li><strong>Cadrele didactice<\/strong> din \u00eenv\u0103\u021b\u0103m\u00e2ntul preuniversitar care de\u021bin Permisul ECDL pot beneficia de credite profesionale transferabile.<\/li>\n<\/ul>\n<h4><\/h4>\n<h4><strong>Module ECDL<\/strong><\/h4>\n<p><img decoding=\"async\" loading=\"lazy\" class=\"wp-image-559 size-large aligncenter\" src=\"https:\/\/nicugane.ro\/nou\/wp-content\/uploads\/2016\/06\/ecdl1-1024x1024.jpg\" alt=\"ecdl1\" width=\"640\" height=\"640\" srcset=\"https:\/\/nicugane.ro\/nou\/wp-content\/uploads\/2016\/06\/ecdl1-1024x1024.jpg 1024w, https:\/\/nicugane.ro\/nou\/wp-content\/uploads\/2016\/06\/ecdl1-150x150.jpg 150w, https:\/\/nicugane.ro\/nou\/wp-content\/uploads\/2016\/06\/ecdl1-300x300.jpg 300w, https:\/\/nicugane.ro\/nou\/wp-content\/uploads\/2016\/06\/ecdl1-768x767.jpg 768w, https:\/\/nicugane.ro\/nou\/wp-content\/uploads\/2016\/06\/ecdl1-270x270.jpg 270w, https:\/\/nicugane.ro\/nou\/wp-content\/uploads\/2016\/06\/ecdl1.jpg 1173w\" sizes=\"(max-width: 640px) 100vw, 640px\" \/><\/p>\n<p>&nbsp;<\/p>\n<h4><strong>Profilul ECDL\u00a0 pentru BAC<\/strong><\/h4>\n<p>Certific\u0103rile<strong> ECDL PROFIL START BAC <\/strong>\u015fi<strong>\u00a0 ECDL PROFIL BAC<\/strong> se adreseaz\u0103 elevilor care, pe l\u00e2ng\u0103 dezvoltarea portofoliului personal,\u00a0 doresc s\u0103 echivaleze<strong> proba de competen\u0163e digitale din cadrul Bacalaureatului<\/strong>.<\/p>\n<p><strong>Permisele ECDL PROFIL BAC au aceea\u015fi recunoa\u015ftere interna\u0163ional\u0103 \u015fi valabilitate nelimitat\u0103 ca oricare alt tip de certificare ECDL.<\/strong><\/p>\n<p>Permisul <strong>ECDL PROFIL START BAC<\/strong> se ob\u0163ine \u00een urma promov\u0103rii a <strong>4 module fixe obligatorii<\/strong>:<\/p>\n<p>Utilizarea computerului, Instrumente online, Editare de text, Calcul tabelar.<\/p>\n<p>Permisul <strong>ECDL PROFIL BAC <\/strong>se ob\u0163ine \u00een urma promov\u0103rii a <strong>6 module fixe obligatorii<\/strong>:<\/p>\n<p>Utilizarea computerului, Instrumente online, Editare de text, Calcul tabelar, Baze de date, Prezent\u0103ri.<\/p>\n<p><strong>Testare: <\/strong>online, cu afi\u015farea rezultatelor \u00een timp real<\/p>\n<p><strong>Aplica\u0163ii:<\/strong> Windows 7 \/ 8; MS Office 2007\/2010\/2013\/2016<\/p>\n<p><strong>Simul\u0103ri disponibile: <\/strong>online<\/p>\n<p><strong>\u00a0<\/strong><\/p>\n<h4><strong>Profilul ECDL<\/strong><\/h4>\n<p><img decoding=\"async\" loading=\"lazy\" class=\"wp-image-561 size-large aligncenter\" src=\"https:\/\/nicugane.ro\/nou\/wp-content\/uploads\/2016\/06\/ecdl2-1024x907.png\" alt=\"ecdl2\" width=\"640\" height=\"567\" srcset=\"https:\/\/nicugane.ro\/nou\/wp-content\/uploads\/2016\/06\/ecdl2-1024x907.png 1024w, https:\/\/nicugane.ro\/nou\/wp-content\/uploads\/2016\/06\/ecdl2-300x266.png 300w, https:\/\/nicugane.ro\/nou\/wp-content\/uploads\/2016\/06\/ecdl2-768x680.png 768w, https:\/\/nicugane.ro\/nou\/wp-content\/uploads\/2016\/06\/ecdl2-305x270.png 305w, https:\/\/nicugane.ro\/nou\/wp-content\/uploads\/2016\/06\/ecdl2.png 1729w\" sizes=\"(max-width: 640px) 100vw, 640px\" \/><\/p>\n<p>Profilul ECDL al candidatului \u00eencepe s\u0103 se creeze \u00eenc\u0103 de la promovarea cu succes a unui singur modul ECDL.<\/p>\n<p>Fiecare modul ECDL poate fi combinat cu alte module astfel \u00eenc\u00e2t s\u0103 satisfac\u0103 cerin\u0163ele personale sau profesionale ale candidatului.<\/p>\n<p><strong>Profilul\u00a0 ECDL nu expir\u0103 \u015fi poate fi dezvoltat continuu pe \u00eentreg parcursul vie\u0163ii. <\/strong><\/p>\n<p>Candidatul \u00ee\u015fi poate dezvolta permanent Profilul ECDL,\u00a0 ob\u0163in\u00e2nd noi certific\u0103ri ECDL.<\/p>\n<p>&nbsp;<\/p>\n<p><strong>ECDL START<\/strong> este o certificare constituit\u0103 din 4 module separate, ce acoper\u0103 competen\u0163ele \u015fi ariile de cunoa\u015ftere IT cheie: <strong>Utilizarea computerului, Instrumente online, Editare de text, Calcul tabelar<\/strong>.<\/p>\n<p>&nbsp;<\/p>\n<p><strong>ECDL STANDARD<\/strong><strong>\u00a0 <\/strong>este certificarea c\u0103reia ii corespund 7 module ECDL \u015fi care se constituie din cele patru module ECDL Start plus trei module adi\u0163ionale la alegere, astfel \u00eenc\u00e2t s\u0103 se dezvolte \u015fi s\u0103 se certifice competen\u0163a digital\u0103.<\/p>\n<p>Cele 3 module adi\u0163ionale pot fi alese dintre urm\u0103toarele module ECDL Intermediar:<\/p>\n<p><strong>Prezent\u0103ri, Baze de date, IT Security, Web Editing, Image Editing, 2D CAD<\/strong>*<strong>. <\/strong><\/p>\n<p>*AutoCAD\/ AutoCAD LT\/Solid Edge; Testare: manuala; Simul\u0103ri disponibile: manual<\/p>\n<p>&nbsp;<\/p>\n<p><strong>ECDL AVANSAT<\/strong> ofer\u0103 cunostin\u0163ele necesare certific\u0103rii la un nivel superior \u00een utilizarea unor aplica\u0163ii specifice pe modulele: <strong>Editare de text Avansat, Calcul tabelar Avansat, Baze de date Avansat, Prezent\u0103ri Avansat. <\/strong><\/p>\n<p>C\u00e2te un permis ECDL AVANSAT se ob\u0163ine dup\u0103 promovarea fiec\u0103rui modul ECDL Avansat.<\/p>\n<p>&nbsp;<\/p>\n<p><strong>ECDL EXPERT<\/strong> se ob\u0163ine prin promovarea \u015fi certificarea oric\u0103ror <strong>3 module<\/strong> ECDL Avansat.<\/p>\n<p>&nbsp;<\/p>\n<p><strong>ECDL PROFIL DIDACTIC<\/strong> se adreseaz\u0103 cadrelor didactice care, de\u0163in\u00e2nd acest permis,\u00a0 doresc s\u0103 beneficieze de oportunitatea ob\u0163inerii unui num\u0103r de credite profesionale transferabile. Permisul ECDL PROFIL DIDACTIC se ob\u0163ine \u00een urma promov\u0103rii a<\/p>\n<p><strong>6 module fixe obligatorii<\/strong>: Utilizarea computerului, Instrumente online, Editare de text, Calcul tabelar, Baze de date, Prezent\u0103ri<strong>.<\/strong><\/p>\n<p><strong>\u00a0<\/strong><\/p>\n<p><strong>ECDL PROFIL FIN<\/strong> este recomandat de\u00a0<strong>Institutul Bancar Rom\u00e2n<\/strong>, sub egida<strong>\u00a0<\/strong><strong>Asocia\u0163iei Rom\u00e2ne a B\u0103ncilor<\/strong>\u00a0\u015fi\u00a0<strong>B\u0103ncii Na\u0163ionale a Rom\u00e2niei<\/strong>\u00a0 \u015fi a fost dezvoltat prin gruparea specific\u0103 a modulelor ECDL, combinate \u00een acord cu nevoile individuale de lucru \u00een domeniul financiar-bancar, \u00een dou\u0103 variante:<\/p>\n<p style=\"padding-left: 30px;\">Profil\u00a0ECDL FIN STANDARD: Instrumente Online, Editare text, Calcul tabelar \u015fi Prezent\u0103ri.<\/p>\n<p style=\"padding-left: 30px;\">Profil\u00a0ECDL FIN PROFESIONAL: Editare text, Calcul tabelar Avansat, Prezent\u0103ri \u015fi IT Security.<\/p>\n<p><strong>\u00a0<\/strong><\/p>\n<p>Modulul <strong>ECDL 3D Printing<\/strong> &#8211; endorsed by ECDL Foundation &#8211; este dezvoltat de ECDL ROMANIA \u015fi se adreseaz\u0103 tuturor persoanelor care doresc s\u0103 dob\u00e2ndeasc\u0103 cuno\u0219tin\u021be de baz\u0103 \u00een domeniul tehnologiilor de imprimare 3D \u0219i s\u0103 \u00ee\u0219i certifice competen\u021bele de imprimare 3D la standard interna\u021bional.<\/p>\n<p>Modulul se adreseaz\u0103 de asemenea \u0219i persoanelor care lucreaz\u0103 \u00een acest domeniu \u0219i care doresc s\u0103 \u00ee\u0219i certifice competen\u021bele de imprimare 3D existente.<\/p>\n<p>&nbsp;<\/p>\n<p><strong>Programele analitice ECDL aferente fiec\u0103rui tip de certificare ECDL sunt disponibile pe\u00a0<\/strong><a href=\"http:\/\/www.ecdl.ro\"><strong>www.ecdl.ro<\/strong><\/a><strong>\u00a0<\/strong><\/p>\n<p>&nbsp;<\/p>\n<h5><strong><u>\u00censcrierea<\/u><\/strong><\/h5>\n<p>V\u0103 pute\u0163i \u00eenscrie \u00een programul ECDL \u00een orice moment pe <a href=\"http:\/\/www.ecdl.ro\">www.ecdl.ro<\/a> prin completarea <strong>Formularului de \u00eenregistrare<\/strong> \u015fi achizi\u0163ion\u00e2nd apoi o Serie unic\u0103 de \u00eenscriere ECDL.<\/p>\n<p><strong>\u00a0<\/strong><\/p>\n<h5><strong><u>Durata ob\u021binerii certific\u0103rii <\/u><\/strong><\/h5>\n<p>Perioada de ob\u021binere a unei certific\u0103ri ECDL depinde de tipul de certificare ales, de nivelul de competen\u0163\u0103 al fiec\u0103rui candidat \u015fi de nevoia de a urma sau nu cursuri \u00een vederea sus\u0163inerii acestor examene.<\/p>\n<p>Candida\u021bii nu au obliga\u021bia de a urma un curs de preg\u0103tire \u00eenainte de a se \u00eenscrie \u00een programul de certificare ECDL \u0219i de a sus\u021bine examenele.<\/p>\n<p>Pentru preg\u0103tire, solicita\u0163i simul\u0103ri ECDL c\u0103tre Centrul de Testare ECDL la care v-a\u0163i \u00eenscris.<\/p>\n<p>&nbsp;<\/p>\n<h5><strong><u>Certificarea ECDL<\/u><\/strong><\/h5>\n<p>Dup\u0103 promovarea tuturor examenelor aferente tipului de certificare ECDL ales, candidatul solicit\u0103 Permisul ECDL corespunz\u0103tor c\u0103tre centrul de testare ECDL unde a finalizat examenele. Permisul ECDL este valabil pe o perioad\u0103 nedeterminat\u0103.<\/p>\n<p>&nbsp;<\/p>\n<p><strong>Autenticitatea<\/strong> unui Permis ECDL se poate verifica\u00a0contact\u00e2nd direct ECDL ROMANIA la adresa <a href=\"mailto:office@ecdl.ro\">office@ecdl.ro<\/a> sau prin accesarea Profilului <strong>ECDL Online<\/strong>.<\/p>\n<p>&nbsp;<\/p>\n<p><strong>Alege\u0163i certificarea ECDL de care ave\u0163i nevoie \u0219i intra\u0163i \u00een programul interna\u021bional de certificare a competen\u021belor digitale!<\/strong><\/p>\n<p>&nbsp;<\/p>\n<h5><span style=\"text-decoration: underline;\"><strong>Contact<\/strong><\/span><\/h5>\n<p><strong>Ilincai Florin, coordonator centru, examinator<\/strong><\/p>\n<p><strong>\u00a0\u00a0\u00a0\u00a0\u00a0\u00a0\u00a0\u00a0\u00a0\u00a0\u00a0 <\/strong><a href=\"mailto:ilincaif@yahoo.com\">ilincaif@yahoo.com<\/a><\/p>\n<p><strong>Bodnariu Mariana, examinator<\/strong><\/p>\n<p><strong>\u00a0\u00a0\u00a0\u00a0\u00a0\u00a0\u00a0\u00a0\u00a0\u00a0\u00a0 <\/strong><a href=\"mailto:bodnariu_m@yahoo.com\">bodnariu_m@yahoo.com<\/a><\/p>\n<p><strong>\u00a0<\/strong><\/p>\n<p>&nbsp;<\/p>\n","protected":false},"excerpt":{"rendered":"<p>Centrul RO311 Colegiul Na\u021bional \u201dNicu Gane\u201d F\u0103lticeni este Centru de Testare Acreditat ECDL Permisul european de conducere a computerului (ECDL \u2013 European Computer Driving Licence)\u00a0este cel mai r\u0103sp\u00e2ndit standard de certificare a abilit\u0103\u021bilor de utilizare a computerului, recunoscut la nivel <a href=\"https:\/\/nicugane.ro\/nou\/activitati\/ecdl\/\" class=\"read-more\">Citi\u021bi mai mult&#8230;<\/a><\/p>\n","protected":false},"author":2,"featured_media":0,"parent":214,"menu_order":0,"comment_status":"closed","ping_status":"closed","template":"","meta":[],"categories":[],"_links":{"self":[{"href":"https:\/\/nicugane.ro\/nou\/wp-json\/wp\/v2\/pages\/33"}],"collection":[{"href":"https:\/\/nicugane.ro\/nou\/wp-json\/wp\/v2\/pages"}],"about":[{"href":"https:\/\/nicugane.ro\/nou\/wp-json\/wp\/v2\/types\/page"}],"author":[{"embeddable":true,"href":"https:\/\/nicugane.ro\/nou\/wp-json\/wp\/v2\/users\/2"}],"replies":[{"embeddable":true,"href":"https:\/\/nicugane.ro\/nou\/wp-json\/wp\/v2\/comments?post=33"}],"version-history":[{"count":8,"href":"https:\/\/nicugane.ro\/nou\/wp-json\/wp\/v2\/pages\/33\/revisions"}],"predecessor-version":[{"id":1362,"href":"https:\/\/nicugane.ro\/nou\/wp-json\/wp\/v2\/pages\/33\/revisions\/1362"}],"up":[{"embeddable":true,"href":"https:\/\/nicugane.ro\/nou\/wp-json\/wp\/v2\/pages\/214"}],"wp:attachment":[{"href":"https:\/\/nicugane.ro\/nou\/wp-json\/wp\/v2\/media?parent=33"}],"wp:term":[{"taxonomy":"category","embeddable":true,"href":"https:\/\/nicugane.ro\/nou\/wp-json\/wp\/v2\/categories?post=33"}],"curies":[{"name":"wp","href":"https:\/\/api.w.org\/{rel}","templated":true}]}}