{"id":2867,"date":"2023-10-24T23:54:01","date_gmt":"2023-10-24T21:54:01","guid":{"rendered":"http:\/\/nicugane.ro\/nou\/?page_id=2867"},"modified":"2025-12-19T14:48:04","modified_gmt":"2025-12-19T12:48:04","slug":"acreditare-erasmus","status":"publish","type":"page","link":"https:\/\/nicugane.ro\/nou\/acreditare-erasmus\/","title":{"rendered":"Acreditare Erasmus"},"content":{"rendered":"<div class=\"wp-block-image\">\n<figure class=\"aligncenter size-large is-resized\"><img decoding=\"async\" loading=\"lazy\" src=\"https:\/\/nicugane.ro\/nou\/wp-content\/uploads\/2023\/10\/roll-up-dna-Benta2-435x1024.jpg\" alt=\"\" class=\"wp-image-2895\" width=\"666\" height=\"1567\" srcset=\"https:\/\/nicugane.ro\/nou\/wp-content\/uploads\/2023\/10\/roll-up-dna-Benta2-435x1024.jpg 435w, https:\/\/nicugane.ro\/nou\/wp-content\/uploads\/2023\/10\/roll-up-dna-Benta2-128x300.jpg 128w, https:\/\/nicugane.ro\/nou\/wp-content\/uploads\/2023\/10\/roll-up-dna-Benta2-768x1807.jpg 768w, https:\/\/nicugane.ro\/nou\/wp-content\/uploads\/2023\/10\/roll-up-dna-Benta2-653x1536.jpg 653w, https:\/\/nicugane.ro\/nou\/wp-content\/uploads\/2023\/10\/roll-up-dna-Benta2-870x2048.jpg 870w, https:\/\/nicugane.ro\/nou\/wp-content\/uploads\/2023\/10\/roll-up-dna-Benta2-115x270.jpg 115w, https:\/\/nicugane.ro\/nou\/wp-content\/uploads\/2023\/10\/roll-up-dna-Benta2-scaled.jpg 1088w\" sizes=\"(max-width: 666px) 100vw, 666px\" \/><\/figure><\/div>\n\n\n<p><\/p>\n\n\n\n<p class=\"has-normal-font-size\">        <\/p>\n\n\n\n<p>   Colegiul Na\u021bional &#8220;Nicu Gane&#8221; dispune de Acreditare Erasmus pentru Educa\u021bie \u015ecolar\u0103 p\u00e2n\u0103 \u00een   2027,   iar   obiectivele   vizeaz\u0103   \u00eembun\u0103t\u0103\u021birea   competen\u021belor digitale  ale   profesorilor,   prin participarea la cursuri de formare sau activit\u0103\u021bi de tip job shadowing. Totodat\u0103, alte dou\u0103 obiective se axeaz\u0103 pe implicarea elevilor \u00een activit\u0103\u021bi outdoor care s\u0103 \u00eencurajeze comunicarea asertiv\u0103, lucrul \u00een echip\u0103  \u0219i prevenirea bullyingului. Pe parcursul anului \u0219colar 2022-2023 s-au derulat  activit\u0103\u021bi specifice proiectului \u00een Polonia (5 elevi  \u0219i un pofesor), Grecia ( 8 elevi  \u0219i 2 profesori), Spania (17 elevi  \u0219i 3 profesori), Turcia ( 4 profesori), Spania (6 profesori). Proiectul s-a \u00eencheiat cu o mobilitate pentru elevi, \u00een Slovacia, \u00een iunie, unde au participat 4 elevi  \u0219i un profesor, iar \u00een iulie, 12 profesori au benficiat de cursuri de  formare \u00een Grecia.<\/p>\n\n\n\n<p>Pe parcursul anului \u0219colar 2023-2024, \u0219ase elevi \u0219i doi profesori \u00eenso\u021bitori au avut oportunitatea de a explora noi metode educa\u021bionale, deplas\u00e2ndu-se \u00een Italia, la Colegiul I.T.I. Fermi-Gadda din Napoli. Mobilitatea au vizat \u00een special \u00eembog\u0103\u021birea universului cultural al elevilor, dezvoltarea competen\u021belor de comunicare \u00een limba englez\u0103, a competen\u021belor sociale \u0219i civice, prin implicarea \u00een activit\u0103\u021bi organizate \u00eentr-un mediu educa\u021bional modern, axat pe interactivitate \u0219i comunicare asertiv\u0103. Activit\u0103\u021bile outdoor, cum ar fi v\u00e2n\u0103toarea de comori sau realizarea unor afi\u0219e \u0219i sloganuri, au avut drept scop manifestarea toleran\u021bei, a empatiei \u0219i a respectului fa\u021b\u0103 de alte mentalit\u0103\u021bi, fiind foarte eficiente \u00een combaterea \u0219i prevenirea bullyingului.<\/p>\n\n\n\n<p>    \u00cen perioada 22-26 aprilie 2024, 5 elevi \u0219i un profesor au tr\u0103it o experien\u021b\u0103 unic\u0103 \u00een Grecia, \u00eembin\u00e2nd educa\u021bia intercultural\u0103 cu aventura \u0219i descoperirea. Mobilitatea de grup, care a avut loc la \u0219coala din Aliartos, s-a centrat pe obiectivele proiectului, astfel, elevii \u0219i profesorii din cele dou\u0103 \u0219coli au lucrat \u00een echipe pentru a rezolva diverse sarcini, folosind inclusiv mijloacele digitale. Au participat la jocuri de intercunoa\u0219tere, de echilibrare emo\u021bional\u0103, de con\u0219tientizare a valorilor europene, dar \u0219i la diverse jocuri de rol \u00een care au con\u0219tientizat gravitatea manifest\u0103rii fenomenului de bullying. To\u021bi participan\u021bii au fost puternic impresiona\u021bi de experien\u021bele de \u00eenv\u0103\u021bare din Grecia, pe care le vor valorifica \u00een viitor, at\u00e2t ca elevi, c\u00e2t \u0219i ca cet\u0103\u021beni europeni.<\/p>\n\n\n\n<p><br>     Tot \u00een aceea\u0219i perioad\u0103, opt elevi \u0219i cinci profesori ai \u0219colii noastre au avut ocazia de a participa la o mobilitate \u00een Izmir, Turcia, la \u0219coala partener\u0103 Karabaglar 15 Temmuz Sehitler Kiz Anadolu Imam Hatip Lisesi, buc\u00e2r\u00e2ndu-se de o aventur\u0103 educa\u021bional\u0103 \u0219i cultural\u0103 fascinant\u0103 care le-a oferit o perspectiv\u0103 profund\u0103 asupra interculturalit\u0103\u021bii \u0219i a respectului fa\u021b\u0103 de alte civiliza\u021bii. Au avut \u0219ansa de a \u00eemp\u0103rt\u0103\u0219i pasiuni comune \u0219i cuno\u0219tin\u021be din diverse domenii, mai ales prin intermediul unor activit\u0103\u021bi \u00een echipe menite s\u0103 le stimuleze creativitatea \u0219i spiritul artistic. De asemenea, ace\u0219tia au explorat bog\u0103\u021bia istoriei \u0219i a patrimoniului cultural al Izmirului, vizit\u00e2nd anumite locuri sacre \u0219i monumente istorice remarcabile, care i-au impresionat prin m\u0103iestria cu care au fost realizate.<br>Astfel, pe parcursul celor doi ani de acreditare, au fost implica\u021bi 53 de elevi \u0219i 12 profesori \u00een activit\u0103\u021bi specifice derulate \u00een \u0219coli din Polonia, Slovacia, Italia, Spania, Grecia \u0219i Turcia. <\/p>\n\n\n\n<p>Pe parcursul anului \u0219colar 2024-2025 s-au derulat activit\u0103\u021bi specifice proiectului \u00een Turcia (6 elevi \u0219i 2 profesori), Grecia ( 7 elevi \u0219i 2 profesori), Lituania ( 4 elevi \u0219i 1 profesor). De asemenea, 2 profesori au participat la job shadowing \u00een Grecia \u0219i doi profesori la cursuri de formare \u00een Ungaria \u0219i Spania.<\/p>\n\n\n\n<p>Pe parcursul celor trei ani de acreditare, 64 de elevi au participat la mobilit\u0103\u021bi de grup, iar 31 de profesori au mers la cursuri de formare \u0219i job shadowing.<br>\u00cen anul \u0219colar 2025-2026 urmeaz\u0103 s\u0103 participe la mobilit\u0103\u021bi de grup 20 de elevi \u00eenso\u021bi\u021bi de 5 profesori, iar 6 profesori vor participa la cursuri de formare.<\/p>\n\n\n\n<p><\/p>\n\n\n\n<p><strong>Linkuri implementare \u0219i diseminare proiecte<\/strong>: <\/p>\n\n\n\n<div class=\"wp-block-file\"><a id=\"wp-block-file--media-94d4a507-743c-4362-996a-1f42f956fe05\" href=\"https:\/\/nicugane.ro\/nou\/wp-content\/uploads\/2025\/12\/Rezultate-finale-sectie-ERASMUS.pdf\">Rezultate-finale-sectie-ERASMUS<\/a><a href=\"https:\/\/nicugane.ro\/nou\/wp-content\/uploads\/2025\/12\/Rezultate-finale-sectie-ERASMUS.pdf\" class=\"wp-block-file__button wp-element-button\" download aria-describedby=\"wp-block-file--media-94d4a507-743c-4362-996a-1f42f956fe05\">Descarc\u0103<\/a><\/div>\n\n\n\n<p><a rel=\"noreferrer noopener\" href=\"https:\/\/nicugane.ro\/nou\/anunt-selectie-erasmus-2025-1-ro01-ka121-sch-000323036\/\" target=\"_blank\">https:\/\/nicugane.ro\/nou\/anunt-selectie-erasmus-2025-1-ro01-ka121-sch-000323036\/<\/a><\/p>\n\n\n\n<p><a href=\"https:\/\/falticenionline.ro\/2025\/03\/19\/elevii-colegiului-national-nicu-gane-falticeni-experienta-educationala-in-cadrul-erasmus-la-salonic\/\">https:\/\/falticenionline.ro\/2025\/03\/19\/elevii-colegiului-national-nicu-gane-falticeni-experienta-educationala-in-cadrul-erasmus-la-salonic\/<\/a><\/p>\n\n\n\n<p><a href=\"https:\/\/www.facebook.com\/ZiaruldeFalticeni\/posts\/miercuri-21052025-%C3%AEn-amfiteatrul-colegiului-na%C8%9Bional-nicu-gane-din-f%C4%83lticeni-a-a\/122230908872079615\/\">https:\/\/www.facebook.com\/ZiaruldeFalticeni\/posts\/miercuri-21052025-%C3%AEn-amfiteatrul-colegiului-na%C8%9Bional-nicu-gane-din-f%C4%83lticeni-a-a\/122230908872079615\/<\/a><\/p>\n\n\n\n<p><a href=\"https:\/\/www.monitorulsv.ro\/colegiul-national-nicu-gane-din-falticeni-trei-ani-de-excelenta-prin-acreditare-erasmus_9edca9\/\">https:\/\/www.monitorulsv.ro\/colegiul-national-nicu-gane-din-falticeni-trei-ani-de-excelenta-prin-acreditare-erasmus_9edca9\/<\/a><\/p>\n\n\n\n<p><a href=\"https:\/\/www.newsfalticeni.ro\/2025\/04\/03\/mobilitate-in-turcia-pentru-elevii-de-la-colegiul-national-nicu-gane-falticeni\/\">https:\/\/www.newsfalticeni.ro\/2025\/04\/03\/mobilitate-in-turcia-pentru-elevii-de-la-colegiul-national-nicu-gane-falticeni\/<\/a><\/p>\n\n\n\n<p><a href=\"https:\/\/falticenionline.ro\/2025\/05\/13\/tineri-falticeneni-in-lituania-erasmus-si-lectii-despre-prietenie-diversitate-si-exprimare-libera\/#google_vignette\">https:\/\/falticenionline.ro\/2025\/05\/13\/tineri-falticeneni-in-lituania-erasmus-si-lectii-despre-prietenie-diversitate-si-exprimare-libera\/#google_vignette<\/a><\/p>\n\n\n\n<p><a href=\"https:\/\/falticenionline.ro\/2025\/03\/27\/curs-de-formare-la-budapesta-in-cadrul-acreditarii-erasmus\/#google_vignette\">https:\/\/falticenionline.ro\/2025\/03\/27\/curs-de-formare-la-budapesta-in-cadrul-acreditarii-erasmus\/#google_vignette<\/a><\/p>\n\n\n\n<p><a href=\"https:\/\/falticenionline.ro\/2025\/05\/28\/curs-de-formare-in-sevilla-pentru-un-profesor-de-la-colegiul-national-nicu-gane\/\">https:\/\/falticenionline.ro\/2025\/05\/28\/curs-de-formare-in-sevilla-pentru-un-profesor-de-la-colegiul-national-nicu-gane\/<\/a><\/p>\n\n\n\n<p><a href=\"https:\/\/www.facebook.com\/profile.php?id=100094981352497\">https:\/\/www.facebook.com\/profile.php?id=100094981352497<\/a><\/p>\n\n\n\n<p><a href=\"https:\/\/nicugane.ro\/nou\/anunt-selectie-erasmus-2022-2023\/\">https:\/\/nicugane.ro\/nou\/anunt-selectie-erasmus-2022-2023\/<\/a><\/p>\n\n\n\n<p><a href=\"https:\/\/nicugane.ro\/nou\/rezultate-selectie-erasmus\/\">https:\/\/nicugane.ro\/nou\/rezultate-selectie-erasmus\/<\/a><\/p>\n\n\n\n<p><a href=\"https:\/\/nicugane.ro\/nou\/polonia-group-mobility-erasmus\/\">https:\/\/nicugane.ro\/nou\/polonia-group-mobility-erasmus\/<\/a><\/p>\n\n\n\n<p><a rel=\"noreferrer noopener\" href=\"https:\/\/acreditarecnng.ro\" target=\"_blank\">https:\/\/acreditarecnng.ro<\/a><br><a href=\"https:\/\/www.facebook.com\/share\/p\/otS4xAuZBrhv6gQz\/\">https:\/\/www.facebook.com\/share\/p\/otS4xAuZBrhv6gQz\/<\/a><br><a href=\"https:\/\/www.facebook.com\/share\/p\/KYksyJYrkz4n1GYn\/\">https:\/\/www.facebook.com\/share\/p\/KYksyJYrkz4n1GYn\/<\/a><br><a href=\"https:\/\/ziaruldefalticeni.ro\/doi-profesori-de-la-colegiul-national-nicu-gane-au-participat-la-un-curs-de-utilizare-a-inteligentei-artificiale-in-didactica\/\">https:\/\/ziaruldefalticeni.ro\/doi-profesori-de-la-colegiul-national-nicu-gane-au-participat-la-un-curs-de-utilizare-a-inteligentei-artificiale-in-didactica\/<\/a><br><a href=\"https:\/\/www.facebook.com\/share\/p\/vbsNttZz92qoEejT\/\">https:\/\/www.facebook.com\/share\/p\/vbsNttZz92qoEejT\/<\/a><\/p>\n\n\n\n<p><a href=\"https:\/\/nicugane.ro\/nou\/activitati-de-tip-job-shadowing-la-institut-barres-i-ones-din-badalona-spania\/\">https:\/\/nicugane.ro\/nou\/activitati-de-tip-job-shadowing-la-institut-barres-i-ones-din-badalona-spania\/<\/a><\/p>\n\n\n\n<p><a href=\"https:\/\/nicugane.ro\/nou\/acreditare-erasmus-group-mobility-of-school-pupils-grecia-arta-februarie-2023\/\">https:\/\/nicugane.ro\/nou\/acreditare-erasmus-group-mobility-of-school-pupils-grecia-arta-februarie-2023\/<\/a><\/p>\n\n\n\n<p><a href=\"https:\/\/nicugane.ro\/nou\/mobilitate-erasmus-turcia\/\">https:\/\/nicugane.ro\/nou\/mobilitate-erasmus-turcia\/<\/a><\/p>\n\n\n\n<p><a href=\"https:\/\/nicugane.ro\/nou\/acreditare-erasmus-spania\/\">https:\/\/nicugane.ro\/nou\/acreditare-erasmus-spania\/<\/a><\/p>\n\n\n\n<p><a href=\"https:\/\/nicugane.ro\/nou\/slovacia-group-mobility-erasmus\/\">https:\/\/nicugane.ro\/nou\/slovacia-group-mobility-erasmus\/<\/a><\/p>\n\n\n\n<p><\/p>\n\n\n\n<div class=\"wp-block-file\"><a id=\"wp-block-file--media-25fdadd4-037a-424f-814e-e52feea726f5\" href=\"https:\/\/nicugane.ro\/nou\/wp-content\/uploads\/2024\/01\/selectie-profesori-1.pdf\">ANUN\u021a SELEC\u021aIE ACREDITARE ERASMUS +, SCH &#8211; an \u0219colar 2023-2024 selectie-profesori-1<br><\/a><a href=\"https:\/\/nicugane.ro\/nou\/wp-content\/uploads\/2024\/01\/selectie-profesori-1.pdf\" class=\"wp-block-file__button wp-element-button\" download aria-describedby=\"wp-block-file--media-25fdadd4-037a-424f-814e-e52feea726f5\">Descarc\u0103<\/a><\/div>\n\n\n\n<div class=\"wp-block-file\"><a id=\"wp-block-file--media-872a4485-8478-4820-9bef-895e108d967f\" href=\"https:\/\/nicugane.ro\/nou\/wp-content\/uploads\/2024\/01\/selectie-elevi-2024-1.pdf\"><strong>ANUN\u021a SELEC\u021aIE ACREDITARE ERASMUS +, SCH &#8211; an \u0219colar 2023-2024<\/strong> selectie-elevi-2024-1<\/a><a href=\"https:\/\/nicugane.ro\/nou\/wp-content\/uploads\/2024\/01\/selectie-elevi-2024-1.pdf\" class=\"wp-block-file__button wp-element-button\" download aria-describedby=\"wp-block-file--media-872a4485-8478-4820-9bef-895e108d967f\">Descarc\u0103<\/a><\/div>\n","protected":false},"excerpt":{"rendered":"<p>Colegiul Na\u021bional &#8220;Nicu Gane&#8221; dispune de Acreditare Erasmus pentru Educa\u021bie \u015ecolar\u0103 p\u00e2n\u0103 \u00een 2027, iar obiectivele vizeaz\u0103 \u00eembun\u0103t\u0103\u021birea competen\u021belor digitale ale profesorilor, prin participarea la cursuri de formare sau activit\u0103\u021bi de tip job shadowing. Totodat\u0103, alte dou\u0103 obiective se axeaz\u0103 <a href=\"https:\/\/nicugane.ro\/nou\/acreditare-erasmus\/\" class=\"read-more\">Citi\u021bi mai mult&#8230;<\/a><\/p>\n","protected":false},"author":1,"featured_media":0,"parent":0,"menu_order":0,"comment_status":"closed","ping_status":"closed","template":"","meta":[],"categories":[],"_links":{"self":[{"href":"https:\/\/nicugane.ro\/nou\/wp-json\/wp\/v2\/pages\/2867"}],"collection":[{"href":"https:\/\/nicugane.ro\/nou\/wp-json\/wp\/v2\/pages"}],"about":[{"href":"https:\/\/nicugane.ro\/nou\/wp-json\/wp\/v2\/types\/page"}],"author":[{"embeddable":true,"href":"https:\/\/nicugane.ro\/nou\/wp-json\/wp\/v2\/users\/1"}],"replies":[{"embeddable":true,"href":"https:\/\/nicugane.ro\/nou\/wp-json\/wp\/v2\/comments?post=2867"}],"version-history":[{"count":19,"href":"https:\/\/nicugane.ro\/nou\/wp-json\/wp\/v2\/pages\/2867\/revisions"}],"predecessor-version":[{"id":3793,"href":"https:\/\/nicugane.ro\/nou\/wp-json\/wp\/v2\/pages\/2867\/revisions\/3793"}],"wp:attachment":[{"href":"https:\/\/nicugane.ro\/nou\/wp-json\/wp\/v2\/media?parent=2867"}],"wp:term":[{"taxonomy":"category","embeddable":true,"href":"https:\/\/nicugane.ro\/nou\/wp-json\/wp\/v2\/categories?post=2867"}],"curies":[{"name":"wp","href":"https:\/\/api.w.org\/{rel}","templated":true}]}}