{"id":234,"date":"2016-06-05T16:59:12","date_gmt":"2016-06-05T14:59:12","guid":{"rendered":"http:\/\/nicugane.ro\/nou\/?page_id=234"},"modified":"2016-06-05T16:59:12","modified_gmt":"2016-06-05T14:59:12","slug":"biblioteca-on-line","status":"publish","type":"page","link":"https:\/\/nicugane.ro\/nou\/biblioteca-on-line\/","title":{"rendered":"Biblioteca on-line"},"content":{"rendered":"<p class=\"style9\" align=\"left\"><span class=\"style10\">\u00a0 Aici pute\u0163i citi\/desc\u0103rca c\u0103r\u0163i sau diferite materiale educa\u0163ionale grupate pe domenii de interes.<\/span><\/p>\n<table border=\"0\" width=\"611\" cellspacing=\"0\" cellpadding=\"0\">\n<tbody>\n<tr bgcolor=\"#294a70\">\n<td colspan=\"4\" height=\"16\">\n<div class=\"style4 style11\" align=\"center\">\n<div align=\"left\"><strong>\u00a0\u00a0\u00a0\u00a0<span class=\"style16\" style=\"color: #ffffff;\">Limba rom\u00e2n\u0103<\/span><\/strong><\/div>\n<\/div>\n<\/td>\n<\/tr>\n<tr>\n<td width=\"159\"><\/td>\n<td colspan=\"3\"><\/td>\n<\/tr>\n<tr>\n<td>\n<div class=\"style4 style14\" align=\"center\">\n<div align=\"left\"><strong>Autor<\/strong><\/div>\n<\/div>\n<\/td>\n<td width=\"300\">\n<div class=\"style15\" align=\"center\">\n<div align=\"left\"><strong>Opera<\/strong><\/div>\n<\/div>\n<\/td>\n<td width=\"79\">\n<div class=\"style32\" align=\"center\">Dimens<\/div>\n<\/td>\n<td width=\"73\">\n<div class=\"style15\" align=\"center\"><strong>Format<\/strong><\/div>\n<\/td>\n<\/tr>\n<tr>\n<td class=\"style28\">\n<div align=\"left\"><span class=\"style4\">George C\u0103linescu<\/span><\/div>\n<\/td>\n<td class=\"style28\">\n<div align=\"left\"><span class=\"style4\"><a href=\"http:\/\/nicugane.ro\/articole\/biblioteca\/Enigma%20otiliei1.pdf\" target=\"_blank\">Enigma Otiliei, vol. I<\/a><\/span><\/div>\n<\/td>\n<td class=\"style28\">\n<div class=\"style24\" align=\"center\">407 KB<\/div>\n<\/td>\n<td class=\"style28\">\n<div align=\"center\"><span class=\"style4\">PDF<\/span><\/div>\n<\/td>\n<\/tr>\n<tr>\n<td class=\"style28\">\n<div align=\"left\"><span class=\"style4\">George C\u0103linescu<\/span><\/div>\n<\/td>\n<td class=\"style28\">\n<div align=\"left\"><span class=\"style4\"><a href=\"http:\/\/nicugane.ro\/articole\/biblioteca\/Enigma%20otiliei2.pdf\" target=\"_blank\">Enigma Otiliei, vol. II<\/a><\/span><\/div>\n<\/td>\n<td class=\"style28\">\n<div class=\"style24\" align=\"center\">506 KB<\/div>\n<\/td>\n<td class=\"style28\">\n<div align=\"center\"><span class=\"style4\">PDF<\/span><\/div>\n<\/td>\n<\/tr>\n<tr>\n<td class=\"style28\">\n<div align=\"left\"><span class=\"style4\">Dosoftei<\/span><\/div>\n<\/td>\n<td class=\"style28\">\n<div align=\"left\"><span class=\"style4\"><a href=\"http:\/\/nicugane.ro\/articole\/biblioteca\/DOSOFTEI%20-%20Psaltirea%20in%20versuri.pdf\" target=\"_blank\">Psaltirea \u00een versuri<\/a><\/span><\/div>\n<\/td>\n<td class=\"style28\">\n<div class=\"style24\" align=\"center\">474 KB<\/div>\n<\/td>\n<td class=\"style28\">\n<div align=\"center\"><span class=\"style4\">PDF<\/span><\/div>\n<\/td>\n<\/tr>\n<tr>\n<td class=\"style28\">\n<div align=\"left\"><span class=\"style4\">Nicolae Iorga<\/span><\/div>\n<\/td>\n<td class=\"style28\">\n<div align=\"left\"><span class=\"style4\"><a href=\"http:\/\/nicugane.ro\/articole\/biblioteca\/Iorga_Istoria%20lit%20rom.pdf\" target=\"_blank\">Istoria literaturii rom\u00e2ne\u015fti<\/a><\/span><\/div>\n<\/td>\n<td class=\"style28\">\n<div class=\"style24\" align=\"center\">440 KB<\/div>\n<\/td>\n<td class=\"style28\">\n<div align=\"center\"><span class=\"style4\">PDF<\/span><\/div>\n<\/td>\n<\/tr>\n<tr>\n<td class=\"style28\" valign=\"top\">\n<div align=\"left\"><span class=\"style4\">Titu Maiorescu<\/span><\/div>\n<\/td>\n<td class=\"style28\">\n<div align=\"left\"><span class=\"style4\"><a href=\"http:\/\/nicugane.ro\/articole\/biblioteca\/Titu%20Maiorescu%20-%20Critice.pdf\" target=\"_blank\">Critice<\/a><\/span><\/div>\n<\/td>\n<td class=\"style28\">\n<div align=\"center\"><span class=\"style4\">537 KB<\/span><\/div>\n<\/td>\n<td class=\"style28\">\n<div align=\"center\"><span class=\"style4\">PDF<\/span><\/div>\n<\/td>\n<\/tr>\n<tr>\n<td class=\"style28\" colspan=\"4\"><span class=\"style29 style14\"><strong>\u00a0\u00a0\u00a0\u00a0\u00a0\u00a0\u00a0\u00a0\u00a0\u00a0\u00a0\u00a0\u00cen cur\u00e2nd \u015fi alte volume (descarc\u0103 de <a href=\"http:\/\/nicugane.ro\/articole\/biblioteca\/Cuprins%20-%20volume%20online.pdf\">aici<\/a> lista complet\u0103 cu volume)!<\/strong><\/span><\/td>\n<\/tr>\n<tr>\n<td class=\"style28\"><\/td>\n<td class=\"style28\" colspan=\"3\"><\/td>\n<\/tr>\n<tr bgcolor=\"#294a70\">\n<td class=\"style28\" colspan=\"4\">\n<div align=\"left\"><strong>\u00a0\u00a0\u00a0<span class=\"style4\">\u00a0<span class=\"style16\" style=\"color: #ffffff;\">Informatic\u0103<\/span><\/span><\/strong><\/div>\n<\/td>\n<\/tr>\n<tr>\n<td class=\"style24\" colspan=\"2\">\n<div align=\"left\"><span class=\"style4\"><a href=\"http:\/\/nicugane.ro\/articole\/biblioteca\/DescriereComputer.pdf\">Descrierea calculatorului<\/a><\/span><\/div>\n<\/td>\n<td class=\"style24\">\n<div align=\"center\">959 KB<\/div>\n<\/td>\n<td class=\"style28\">\n<div class=\"style4\" align=\"center\">\n<div align=\"center\">PDF<\/div>\n<\/div>\n<\/td>\n<\/tr>\n<tr>\n<td class=\"style28\" colspan=\"2\">\n<div align=\"left\"><span class=\"style4\"><a href=\"http:\/\/nicugane.ro\/articole\/biblioteca\/WinXP.pdf\" target=\"_blank\">Windows XP<\/a><\/span><\/div>\n<\/td>\n<td class=\"style24\">\n<div align=\"center\">6.73 MB<\/div>\n<\/td>\n<td class=\"style28\">\n<div class=\"style4\" align=\"center\">\n<div align=\"center\">PDF<\/div>\n<\/div>\n<\/td>\n<\/tr>\n<tr>\n<td class=\"style28\" colspan=\"2\">\n<div align=\"left\"><span class=\"style4\"><a href=\"http:\/\/nicugane.ro\/articole\/biblioteca\/Office2003.pdf\">Microsoft Office 2003<\/a> (Word, Excel, Power Point, Outlook, Access)<\/span><\/div>\n<\/td>\n<td class=\"style24\">\n<div align=\"center\">2.02 MB<\/div>\n<\/td>\n<td class=\"style28\">\n<div class=\"style4\" align=\"center\">\n<div align=\"center\">PDF<\/div>\n<\/div>\n<\/td>\n<\/tr>\n<tr>\n<td class=\"style28\" colspan=\"2\">\n<div align=\"left\"><span class=\"style4\"><a href=\"http:\/\/nicugane.ro\/articole\/biblioteca\/Retele.pdf\">Re\u0163ele de calculatoare<\/a><\/span><\/div>\n<\/td>\n<td class=\"style24\">\n<div align=\"center\">320 KB<\/div>\n<\/td>\n<td class=\"style28\">\n<div class=\"style4\" align=\"center\">\n<div align=\"center\">PDF<\/div>\n<\/div>\n<\/td>\n<\/tr>\n<tr>\n<td class=\"style28\" colspan=\"2\">\n<div align=\"left\"><span class=\"style4\"><a href=\"http:\/\/nicugane.ro\/articole\/biblioteca\/Linux.pdf\">Linux<\/a><\/span><\/div>\n<\/td>\n<td class=\"style24\">\n<div align=\"center\">668 KB<\/div>\n<\/td>\n<td class=\"style28\">\n<div class=\"style4\" align=\"center\">\n<div align=\"center\">PDF<\/div>\n<\/div>\n<\/td>\n<\/tr>\n<tr>\n<td class=\"style28\" colspan=\"2\"><span class=\"style4\"><a href=\"http:\/\/nicugane.ro\/articole\/biblioteca\/BORLANDC.rar\">Mediul de programare <strong>Borland C++<\/strong><\/a><\/span><\/td>\n<td class=\"style24\">\n<div align=\"center\">5.5MB<\/div>\n<\/td>\n<td class=\"style4\">\n<div align=\"center\">RAR<\/div>\n<\/td>\n<\/tr>\n<tr>\n<td class=\"style4\" colspan=\"2\">Materiale curs ORACLE &#8211; <a href=\"http:\/\/nicugane.ro\/articole\/biblioteca\/DD_PPT%20PDFs.zip\">Data Base Desig (1)<\/a>. <a href=\"http:\/\/nicugane.ro\/articole\/biblioteca\/DP_PPT%20PDFs.zip\">Data Base Programms(2)<\/a><\/td>\n<td class=\"style24\">4.14\/3.3 MB<\/td>\n<td class=\"style4\">\n<div align=\"center\">PDF<\/div>\n<\/td>\n<\/tr>\n<tr>\n<td class=\"style28 style1\"><\/td>\n<td class=\"style28\" colspan=\"3\"><\/td>\n<\/tr>\n<tr bgcolor=\"#294a70\">\n<td class=\"style28\" colspan=\"4\" height=\"19\">\n<div align=\"left\"><span class=\"style16 style9 style10\"><strong>\u00a0\u00a0\u00a0\u00a0<span style=\"color: #ffffff;\">Filosofie<\/span><\/strong><\/span><\/div>\n<\/td>\n<\/tr>\n<tr>\n<td class=\"style24\">\n<div align=\"left\">Emil Cioran<\/div>\n<\/td>\n<td class=\"style24\">\n<div align=\"left\"><a href=\"http:\/\/nicugane.ro\/articole\/biblioteca\/cioran_sa.exe\">Silogismele am\u0103r\u0103ciunii<\/a><\/div>\n<\/td>\n<td class=\"style24\">\n<div align=\"center\">297 KB<\/div>\n<\/td>\n<td class=\"style24\">\n<div align=\"center\">EXE<\/div>\n<\/td>\n<\/tr>\n<tr>\n<td class=\"style28\"><\/td>\n<td class=\"style28\"><\/td>\n<td class=\"style28\"><\/td>\n<td class=\"style28\"><\/td>\n<\/tr>\n<tr bgcolor=\"#294a70\">\n<td class=\"style28\" colspan=\"4\">\n<div align=\"left\"><span class=\"style10 style9 style16\"><strong>\u00a0\u00a0\u00a0\u00a0<span style=\"color: #ffffff;\">Religie<\/span><\/strong><\/span><\/div>\n<\/td>\n<\/tr>\n<tr>\n<td class=\"style24\">\n<div align=\"left\">Proorocul David<\/div>\n<\/td>\n<td class=\"style24\"><a href=\"http:\/\/nicugane.ro\/articole\/biblioteca\/Psalmii.rar\">Psalmii<\/a><\/td>\n<td class=\"style24\">\n<div align=\"center\">277 KB<\/div>\n<\/td>\n<td class=\"style24\">\n<div align=\"center\">RAR\/HTM<\/div>\n<\/td>\n<\/tr>\n<tr>\n<td class=\"style24\" colspan=\"2\">\n<div align=\"left\"><a href=\"http:\/\/nicugane.ro\/articole\/biblioteca\/Viata.htm\" target=\"_blank\">Via\u0163a<\/a>, <a href=\"http:\/\/nicugane.ro\/articole\/biblioteca\/Acatistul.htm\" target=\"_blank\">Acatictul<\/a> si <a href=\"http:\/\/nicugane.ro\/articole\/biblioteca\/Paraclisul.htm\" target=\"_blank\">Paraclisul<\/a> Sf. Cuvioasei <a href=\"http:\/\/nicugane.ro\/articole\/biblioteca\/cuv%20Parascheva.jpg\" target=\"_blank\">Parascheva<\/a> de la Iasi<\/div>\n<\/td>\n<td class=\"style24\">\n<div align=\"center\">174 KB<\/div>\n<\/td>\n<td class=\"style24\">\n<div align=\"center\">HTM<\/div>\n<\/td>\n<\/tr>\n<tr>\n<td class=\"style28 style9 style10\" colspan=\"2\"><\/td>\n<td class=\"style28\"><\/td>\n<td class=\"style28\"><\/td>\n<\/tr>\n<tr bgcolor=\"#294a70\">\n<td class=\"style28 style9 style10\" colspan=\"4\">\n<div align=\"left\"><span class=\"style16\"><strong>\u00a0\u00a0\u00a0\u00a0<span style=\"color: #ffffff;\">Limba englez\u0103 \u015fi francez\u0103<\/span><\/strong><\/span><\/div>\n<\/td>\n<\/tr>\n<tr>\n<td class=\"style24\">\n<div align=\"left\">Elaine Walker (Longman)<\/div>\n<\/td>\n<td class=\"style4\">\n<div align=\"left\"><a href=\"http:\/\/nicugane.ro\/articole\/biblioteca\/engleza-franceza\/(Longman)Grammar%20Practice%20for%20Elementary%20Students.pdf\" target=\"_blank\">Grammar Practice for Elementary Students<\/a><\/div>\n<\/td>\n<td class=\"style4\">\n<div align=\"center\">1980 KB<\/div>\n<\/td>\n<td class=\"style28\">\n<div class=\"style4\" align=\"center\">PDF<\/div>\n<\/td>\n<\/tr>\n<tr>\n<td class=\"style24\">\n<div align=\"left\">Elaine Walker, Steve Elsworth (Longman)<\/div>\n<\/td>\n<td class=\"style24\">\n<div align=\"left\"><a href=\"http:\/\/nicugane.ro\/articole\/biblioteca\/engleza-franceza\/(Longman)Grammar%20Practice%20for%20Pre-intermediate%20Students.pdf\" target=\"_blank\">Grammar Practice for Pre-intermediate Students<\/a><\/div>\n<\/td>\n<td class=\"style4\">\n<div align=\"center\">967 KB<\/div>\n<\/td>\n<td class=\"style4\">\n<div align=\"center\">PDF<\/div>\n<\/td>\n<\/tr>\n<tr>\n<td class=\"style24\">\n<div align=\"left\">Richard Walton (Focus on)<\/div>\n<\/td>\n<td class=\"style24\">\n<div align=\"left\"><a href=\"http:\/\/nicugane.ro\/articole\/biblioteca\/engleza-franceza\/(Longman)Focus%20on%20Advanced%20English%20CAE%20Grammar%20Practice.pdf\" target=\"_blank\">Advanced English CAE Grammar Practice<\/a><\/div>\n<\/td>\n<td class=\"style4\">\n<div align=\"center\">1867 KB<\/div>\n<\/td>\n<td class=\"style4\">\n<div align=\"center\">PDF<\/div>\n<\/td>\n<\/tr>\n<tr>\n<td class=\"style24\" colspan=\"2\">\n<div align=\"center\"><a href=\"http:\/\/nicugane.ro\/articole\/biblioteca\/engleza-franceza\/gramaticaengleza.pdf\" target=\"_blank\">Gramatica limbii engleze (vers. RO)<\/a><\/div>\n<\/td>\n<td class=\"style24\">\n<div align=\"center\">718 KB<\/div>\n<\/td>\n<td class=\"style24\">\n<div align=\"center\">PDF<\/div>\n<\/td>\n<\/tr>\n<tr>\n<td class=\"style24\" colspan=\"2\">\n<div align=\"center\"><a href=\"http:\/\/nicugane.ro\/articole\/biblioteca\/engleza-franceza\/picodico101.zip\" target=\"_blank\">Disctionar FR-RO, RO-FR<\/a><\/div>\n<\/td>\n<td class=\"style24\">\n<div align=\"center\">447 KB<\/div>\n<\/td>\n<td class=\"style24\">\n<div align=\"center\">ZIP\/EXE<\/div>\n<\/td>\n<\/tr>\n<tr>\n<td class=\"style28 style9 style10\" colspan=\"2\"><\/td>\n<td class=\"style24\"><\/td>\n<td class=\"style24\"><\/td>\n<\/tr>\n<tr bgcolor=\"#294a70\">\n<td class=\"style10 style9 style28\" colspan=\"4\">\n<div align=\"left\"><span class=\"style16\"><strong>\u00a0\u00a0\u00a0\u00a0<span style=\"color: #ffffff;\">Arta<\/span><\/strong><\/span><\/div>\n<\/td>\n<\/tr>\n<tr>\n<td class=\"style24\">\n<div align=\"left\">Matthew Bamberg, MA<\/div>\n<\/td>\n<td class=\"style24\">\n<div align=\"left\"><a href=\"http:\/\/nicugane.ro\/articole\/biblioteca\/Digital_Art_Photography_for_Dummies.pdf\" target=\"_blank\">\u00a0Digital Art Photography for DUMMIES<\/a><\/div>\n<\/td>\n<td class=\"style24\">\n<div align=\"center\">35.9 MB<\/div>\n<\/td>\n<td class=\"style24\">\n<div align=\"center\">PDF<\/div>\n<\/td>\n<\/tr>\n<\/tbody>\n<\/table>\n<p>Pute\u0163i propune si dumneavostra un material educativ. Pentru a ne contacta intra\u0163i la sec\u0163iunea <a href=\"https:\/\/nicugane.ro\/nou\/contact\/\">Contact<\/a> sau trimite\u0163i un email pe adresa colegiului cu materialul dumneavoastr\u0103. Mul\u0163umim.<\/p>\n","protected":false},"excerpt":{"rendered":"<p>\u00a0 Aici pute\u0163i citi\/desc\u0103rca c\u0103r\u0163i sau diferite materiale educa\u0163ionale grupate pe domenii de interes. \u00a0\u00a0\u00a0\u00a0Limba rom\u00e2n\u0103 Autor Opera Dimens Format George C\u0103linescu Enigma Otiliei, vol. I 407 KB PDF George C\u0103linescu Enigma Otiliei, vol. II 506 KB PDF Dosoftei Psaltirea <a href=\"https:\/\/nicugane.ro\/nou\/biblioteca-on-line\/\" class=\"read-more\">Citi\u021bi mai mult&#8230;<\/a><\/p>\n","protected":false},"author":2,"featured_media":0,"parent":0,"menu_order":0,"comment_status":"closed","ping_status":"closed","template":"","meta":[],"categories":[],"_links":{"self":[{"href":"https:\/\/nicugane.ro\/nou\/wp-json\/wp\/v2\/pages\/234"}],"collection":[{"href":"https:\/\/nicugane.ro\/nou\/wp-json\/wp\/v2\/pages"}],"about":[{"href":"https:\/\/nicugane.ro\/nou\/wp-json\/wp\/v2\/types\/page"}],"author":[{"embeddable":true,"href":"https:\/\/nicugane.ro\/nou\/wp-json\/wp\/v2\/users\/2"}],"replies":[{"embeddable":true,"href":"https:\/\/nicugane.ro\/nou\/wp-json\/wp\/v2\/comments?post=234"}],"version-history":[{"count":4,"href":"https:\/\/nicugane.ro\/nou\/wp-json\/wp\/v2\/pages\/234\/revisions"}],"predecessor-version":[{"id":240,"href":"https:\/\/nicugane.ro\/nou\/wp-json\/wp\/v2\/pages\/234\/revisions\/240"}],"wp:attachment":[{"href":"https:\/\/nicugane.ro\/nou\/wp-json\/wp\/v2\/media?parent=234"}],"wp:term":[{"taxonomy":"category","embeddable":true,"href":"https:\/\/nicugane.ro\/nou\/wp-json\/wp\/v2\/categories?post=234"}],"curies":[{"name":"wp","href":"https:\/\/api.w.org\/{rel}","templated":true}]}}