{"id":214,"date":"2016-06-05T16:43:20","date_gmt":"2016-06-05T14:43:20","guid":{"rendered":"http:\/\/nicugane.ro\/nou\/?page_id=214"},"modified":"2023-10-25T00:34:56","modified_gmt":"2023-10-24T22:34:56","slug":"activitati","status":"publish","type":"page","link":"https:\/\/nicugane.ro\/nou\/activitati\/","title":{"rendered":"Activit\u0103\u021bi"},"content":{"rendered":"<ul class=\"sub-menu\">\n<li id=\"menu-item-222\" class=\"menu-item menu-item-type-post_type menu-item-object-page menu-item-222\"><a href=\"https:\/\/nicugane.ro\/nou\/activitati\/revista-noastra\/\">Revista noastr\u0103<\/a><\/li>\n<li id=\"menu-item-223\" class=\"menu-item menu-item-type-post_type menu-item-object-page menu-item-223\"><a href=\"http:\/\/nicugane.ro\/Arduino\/\">Clubul de robotic\u0103<\/a><\/li>\n<li id=\"menu-item-225\" class=\"menu-item menu-item-type-post_type menu-item-object-page menu-item-225\"><a href=\"https:\/\/nicugane.ro\/nou\/activitati\/ecdl\/\">ECDL<\/a><\/li>\n<li id=\"menu-item-224\" class=\"menu-item menu-item-type-post_type menu-item-object-page menu-item-224\"><a href=\"https:\/\/nicugane.ro\/nou\/activitati\/cisco-academy\/\">CISCO Academy<\/a><\/li>\n<li id=\"menu-item-226\" class=\"menu-item menu-item-type-post_type menu-item-object-page menu-item-226\"><a href=\"https:\/\/nicugane.ro\/nou\/activitati\/proiecte-si-parteneriate\/\">Proiecte \u015fi parteneriate<\/a><\/li>\n<li id=\"menu-item-228\" class=\"menu-item menu-item-type-custom menu-item-object-custom menu-item-228\"><a href=\"http:\/\/www.photosfera.nicugane.ro\/\">Photosphera<\/a><\/li>\n<li id=\"menu-item-229\" class=\"menu-item menu-item-type-custom menu-item-object-custom menu-item-229\"><a href=\"https:\/\/nicugane.files.wordpress.com\/2014\/02\/logos-debate.pdf\">Clubul Debate-logos<\/a><\/li>\n<li><a href=\"https:\/\/nicugane.ro\/nou\/activitati\/extrascolare\/\">Extra\u0219colare<\/a><\/li>\n<li><a href=\"https:\/\/nicugane.ro\/nou\/activitatile-centrului-catihetic-sf-nicolae\/\">Centrul catehetic Sf. Nicolae<\/a><\/li>\n<\/ul>\n<p>&nbsp;<\/p>\n<p>&nbsp;<\/p>\n","protected":false},"excerpt":{"rendered":"<p>Revista noastr\u0103 Clubul de robotic\u0103 ECDL CISCO Academy Proiecte \u015fi parteneriate Photosphera Clubul Debate-logos Extra\u0219colare Centrul catehetic Sf. Nicolae &nbsp; &nbsp;<\/p>\n","protected":false},"author":3,"featured_media":0,"parent":0,"menu_order":0,"comment_status":"closed","ping_status":"closed","template":"","meta":[],"categories":[],"_links":{"self":[{"href":"https:\/\/nicugane.ro\/nou\/wp-json\/wp\/v2\/pages\/214"}],"collection":[{"href":"https:\/\/nicugane.ro\/nou\/wp-json\/wp\/v2\/pages"}],"about":[{"href":"https:\/\/nicugane.ro\/nou\/wp-json\/wp\/v2\/types\/page"}],"author":[{"embeddable":true,"href":"https:\/\/nicugane.ro\/nou\/wp-json\/wp\/v2\/users\/3"}],"replies":[{"embeddable":true,"href":"https:\/\/nicugane.ro\/nou\/wp-json\/wp\/v2\/comments?post=214"}],"version-history":[{"count":10,"href":"https:\/\/nicugane.ro\/nou\/wp-json\/wp\/v2\/pages\/214\/revisions"}],"predecessor-version":[{"id":2887,"href":"https:\/\/nicugane.ro\/nou\/wp-json\/wp\/v2\/pages\/214\/revisions\/2887"}],"wp:attachment":[{"href":"https:\/\/nicugane.ro\/nou\/wp-json\/wp\/v2\/media?parent=214"}],"wp:term":[{"taxonomy":"category","embeddable":true,"href":"https:\/\/nicugane.ro\/nou\/wp-json\/wp\/v2\/categories?post=214"}],"curies":[{"name":"wp","href":"https:\/\/api.w.org\/{rel}","templated":true}]}}