{"id":17,"date":"2016-06-02T20:11:34","date_gmt":"2016-06-02T18:11:34","guid":{"rendered":"http:\/\/nicugane.ro\/nou\/?page_id=17"},"modified":"2020-07-15T12:22:10","modified_gmt":"2020-07-15T10:22:10","slug":"oferta-educationala","status":"publish","type":"page","link":"https:\/\/nicugane.ro\/nou\/liceul\/oferta-educationala\/","title":{"rendered":"Ofert\u0103 educa\u021bional\u0103"},"content":{"rendered":"<p><strong><span class=\"style6\">Colegiul nostru v\u0103 ofer\u0103 op\u0163ionale atractive, cu caracter inter \u015fi transdisciplinar.<\/span><\/strong><\/p>\n<p><span class=\"style6\"><strong>Planul de \u015fcolarizare<\/strong> pentru anul \u015fcolar 2019-2020:<\/span><\/p>\n<h3><span class=\"style6\"><span class=\"style14\">CLASA a V-a<\/span><\/span><\/h3>\n<p>1 clas\u0103 a V-a de 25 locuri.<\/p>\n<p>&nbsp;<\/p>\n<h3><span class=\"style6\"><span class=\"style14\">CLASA a IX-a<\/span><\/span><\/h3>\n<p><strong>&nbsp;Profilul real<\/strong> \u2013 4 clase, SPECIALIZ\u0102RILE:<\/p>\n<p><span class=\"style6\"> \u2014 matematic\u0103-informatic\u0103 &#8211; 3 clase cu 84 de locuri din care:<br \/>\n<\/span><span class=\"style6\">* 28 de locuri cu predare intensiv\u0103 a informaticii;<br \/>\n* 28 de locuri cu predare intensiv\u0103 a limbii engleze;<br \/>\n* 28 de locuri cu predare neintensiv\u0103 a informaticii.<br \/>\n\u2014 \u015ftiin\u0163ele naturii \u2013 1 clas\u0103 cu 28 de locuri;<br \/>\n<strong>Profilul umanist<\/strong> \u2013 4 clase, SPECIALIZ\u0102RILE:<br \/>\n\u2014 filologie \u2013 2 clase, limbi str\u0103ine, 56 de locuri;<br \/>\n\u2014 \u015ftiin\u0163e sociale \u2013 2 clase cu 56 de locuri.<\/span><\/p>\n<p><span class=\"style6\">Pentru realizarea obiectivelor educa\u0163ionale colegiul nostru <strong>este dotat<\/strong> cu:<\/span><\/p>\n<ul>\n<li><span class=\"style6\">40 s\u0103li de clas\u0103;<\/span><\/li>\n<\/ul>\n<p><span class=\"style6\">9 cabinete \u015fi laboratoare:<\/span><\/p>\n<ul>\n<li><span class=\"style6\">laborator de fizic\u0103 dotat cu calculator ;<\/span><\/li>\n<li><span class=\"style6\">laborator de chimie dotat cu laptop \u015fi video-proiector;<\/span><\/li>\n<li><span class=\"style6\">laborator de biologie dotat cu calculator \u015fi imprimanta multifunc\u0163ional\u0103;<\/span><\/li>\n<li><span class=\"style6\">5 laboratoare de informatic\u0103 (dotate cu 110 calculatoare PENTIUM 4, un laptop \u015fi video-proiector), din care dou\u0103 sunt laboratore AEL;<\/span><\/li>\n<li><span class=\"style6\">cabinet metodic de limba \u015fi literatura rom\u00e2n\u0103 dotat cu laptop, videoproiector ?i imprimant\u0103 multifunc\u0163ional\u0103;<\/span><\/li>\n<li><span class=\"style6\">cabinet de limba englez\u0103 dotat cu calculator;<\/span><\/li>\n<li><span class=\"style6\">cabinet de geografie dotat cu laptop \u015fi video-proiector;<\/span><\/li>\n<li><span class=\"style6\">cabinet de \u015ftiin\u0163e socio-umane cu laptop \u015fi video-proiector;<\/span><\/li>\n<li><span class=\"style6\">cabinet de istorie cu video-proiector;<\/span><\/li>\n<li><span class=\"style6\">amfiteatru cu 100 de locuri;<\/span><\/li>\n<li><span class=\"style6\">bibliotec\u0103 cu peste 27.000 de volume dotat\u0103 cu calculator ;<\/span><\/li>\n<li><span class=\"style6\">Centru de documentare \u015fi informare (CDI) dotat cu 3 calculatoare conectate la Internet, videoproiector;<\/span><\/li>\n<li><span class=\"style6\">biblioteca englez\u0103 cu 3.500 de volume;<\/span><\/li>\n<li><span class=\"style6\">internat cu 200 locuri;<\/span><\/li>\n<li><span class=\"style6\">cantin\u0103 cu 300 locuri;<\/span><\/li>\n<li><span class=\"style6\">sal\u0103 de discotec\u0103 (\u00een cur\u00e2nd va fi sal\u0103 multimedia pentru audi\u0163ii);<\/span><\/li>\n<li><span class=\"style6\">2 s\u0103li de sport;<\/span><\/li>\n<li><span class=\"style6\">teren de sport \u015fi stadion;<\/span><\/li>\n<li><span class=\"style6\">Centru englez de resurse \u015fi perfec\u0163ionare;<\/span><\/li>\n<li><span class=\"style6\">cabinet de asisten\u0163\u0103 psihopedagogic\u0103 dotat cu laptop \u015fi video-proiector<\/span>.<\/li>\n<\/ul>\n","protected":false},"excerpt":{"rendered":"<p>Colegiul nostru v\u0103 ofer\u0103 op\u0163ionale atractive, cu caracter inter \u015fi transdisciplinar. Planul de \u015fcolarizare pentru anul \u015fcolar 2019-2020: CLASA a V-a 1 clas\u0103 a V-a de 25 locuri. &nbsp; CLASA a IX-a &nbsp;Profilul real \u2013 4 clase, SPECIALIZ\u0102RILE: \u2014 matematic\u0103-informatic\u0103 <a href=\"https:\/\/nicugane.ro\/nou\/liceul\/oferta-educationala\/\" class=\"read-more\">Citi\u021bi mai mult&#8230;<\/a><\/p>\n","protected":false},"author":2,"featured_media":0,"parent":119,"menu_order":0,"comment_status":"closed","ping_status":"closed","template":"","meta":[],"categories":[],"_links":{"self":[{"href":"https:\/\/nicugane.ro\/nou\/wp-json\/wp\/v2\/pages\/17"}],"collection":[{"href":"https:\/\/nicugane.ro\/nou\/wp-json\/wp\/v2\/pages"}],"about":[{"href":"https:\/\/nicugane.ro\/nou\/wp-json\/wp\/v2\/types\/page"}],"author":[{"embeddable":true,"href":"https:\/\/nicugane.ro\/nou\/wp-json\/wp\/v2\/users\/2"}],"replies":[{"embeddable":true,"href":"https:\/\/nicugane.ro\/nou\/wp-json\/wp\/v2\/comments?post=17"}],"version-history":[{"count":10,"href":"https:\/\/nicugane.ro\/nou\/wp-json\/wp\/v2\/pages\/17\/revisions"}],"predecessor-version":[{"id":1497,"href":"https:\/\/nicugane.ro\/nou\/wp-json\/wp\/v2\/pages\/17\/revisions\/1497"}],"up":[{"embeddable":true,"href":"https:\/\/nicugane.ro\/nou\/wp-json\/wp\/v2\/pages\/119"}],"wp:attachment":[{"href":"https:\/\/nicugane.ro\/nou\/wp-json\/wp\/v2\/media?parent=17"}],"wp:term":[{"taxonomy":"category","embeddable":true,"href":"https:\/\/nicugane.ro\/nou\/wp-json\/wp\/v2\/categories?post=17"}],"curies":[{"name":"wp","href":"https:\/\/api.w.org\/{rel}","templated":true}]}}