{"id":155,"date":"2016-06-05T15:32:16","date_gmt":"2016-06-05T13:32:16","guid":{"rendered":"http:\/\/nicugane.ro\/nou\/?page_id=155"},"modified":"2016-06-05T15:33:04","modified_gmt":"2016-06-05T13:33:04","slug":"album-video","status":"publish","type":"page","link":"https:\/\/nicugane.ro\/nou\/liceul\/album-video\/","title":{"rendered":"Album Video"},"content":{"rendered":"<h2 style=\"text-align: center;\">Prezentare colegiu 2010<\/h2>\n<p><iframe loading=\"lazy\" title=\"Colegiul National Nicu Gane Falticeni - video oficial\" width=\"847\" height=\"476\" src=\"https:\/\/www.youtube.com\/embed\/ndUlwdetV6I?feature=oembed\" frameborder=\"0\" allow=\"accelerometer; autoplay; clipboard-write; encrypted-media; gyroscope; picture-in-picture; web-share\" allowfullscreen><\/iframe><\/p>\n<h2 style=\"text-align: center;\"><\/h2>\n<h2 style=\"text-align: center;\">140 de ani de existen\u021b\u0103 institu\u021bional\u0103 &#8211; octombrie 2010<\/h2>\n<p><iframe loading=\"lazy\" title=\"NICU GANE 140 DE ANI DE EXISTENTA\" width=\"847\" height=\"635\" src=\"https:\/\/www.youtube.com\/embed\/pfwBrDHBhMY?feature=oembed\" frameborder=\"0\" allow=\"accelerometer; autoplay; clipboard-write; encrypted-media; gyroscope; picture-in-picture; web-share\" allowfullscreen><\/iframe><\/p>\n<h2 style=\"text-align: center;\"><\/h2>\n<h2 style=\"text-align: center;\">&#8220;Zestrea cu datini&#8221; &#8211; decembrie 2010<\/h2>\n<p><iframe loading=\"lazy\" title=\"ZESTREA CU DATINI LA NICU GANE ref\" width=\"847\" height=\"635\" src=\"https:\/\/www.youtube.com\/embed\/_BUxV-cwJU0?feature=oembed\" frameborder=\"0\" allow=\"accelerometer; autoplay; clipboard-write; encrypted-media; gyroscope; picture-in-picture; web-share\" allowfullscreen><\/iframe><\/p>\n<h2 style=\"text-align: center;\"><\/h2>\n<h2 style=\"text-align: center;\">Sfin\u021birea Capelei &#8211; 9 mai 2010<\/h2>\n<p><iframe loading=\"lazy\" title=\"CAPELA LA NICU GANE.divx\" width=\"847\" height=\"635\" src=\"https:\/\/www.youtube.com\/embed\/ufAQygA0d-E?feature=oembed\" frameborder=\"0\" allow=\"accelerometer; autoplay; clipboard-write; encrypted-media; gyroscope; picture-in-picture; web-share\" allowfullscreen><\/iframe><\/p>\n<h2 style=\"text-align: center;\"><\/h2>\n<h2 style=\"text-align: center;\">Activit\u0103\u021bi extra\u0219colare- corul colegiului, condus de prof. Sinauceanu Dan<\/h2>\n<p><iframe loading=\"lazy\" title=\"corul.flv\" width=\"847\" height=\"635\" src=\"https:\/\/www.youtube.com\/embed\/SWH24jif6hc?feature=oembed\" frameborder=\"0\" allow=\"accelerometer; autoplay; clipboard-write; encrypted-media; gyroscope; picture-in-picture; web-share\" allowfullscreen><\/iframe><\/p>\n<h2 style=\"text-align: center;\"><\/h2>\n<h2 style=\"text-align: center;\">Forma\u021bia de muzic\u0103 popular\u0103<\/h2>\n<p><iframe loading=\"lazy\" title=\"Formatia de muzica populara\" width=\"847\" height=\"635\" src=\"https:\/\/www.youtube.com\/embed\/LA3VGplQCqc?feature=oembed\" frameborder=\"0\" allow=\"accelerometer; autoplay; clipboard-write; encrypted-media; gyroscope; picture-in-picture; web-share\" allowfullscreen><\/iframe><\/p>\n<h2 style=\"text-align: center;\"><\/h2>\n<h2 style=\"text-align: center;\">Interpretare vocal\u0103, Chelaru Andra (2008)<\/h2>\n<p><iframe loading=\"lazy\" title=\"Interpretare vocala, Chelaru Andra (2008)\" width=\"847\" height=\"635\" src=\"https:\/\/www.youtube.com\/embed\/2SB-FDHjFd8?feature=oembed\" frameborder=\"0\" allow=\"accelerometer; autoplay; clipboard-write; encrypted-media; gyroscope; picture-in-picture; web-share\" allowfullscreen><\/iframe><\/p>\n<p>&nbsp;<\/p>\n","protected":false},"excerpt":{"rendered":"<p>Prezentare colegiu 2010 140 de ani de existen\u021b\u0103 institu\u021bional\u0103 &#8211; octombrie 2010 &#8220;Zestrea cu datini&#8221; &#8211; decembrie 2010 Sfin\u021birea Capelei &#8211; 9 mai 2010 Activit\u0103\u021bi extra\u0219colare- corul colegiului, condus de prof. Sinauceanu Dan Forma\u021bia de muzic\u0103 popular\u0103 Interpretare vocal\u0103, Chelaru <a href=\"https:\/\/nicugane.ro\/nou\/liceul\/album-video\/\" class=\"read-more\">Citi\u021bi mai mult&#8230;<\/a><\/p>\n","protected":false},"author":2,"featured_media":0,"parent":119,"menu_order":0,"comment_status":"closed","ping_status":"closed","template":"","meta":[],"categories":[],"_links":{"self":[{"href":"https:\/\/nicugane.ro\/nou\/wp-json\/wp\/v2\/pages\/155"}],"collection":[{"href":"https:\/\/nicugane.ro\/nou\/wp-json\/wp\/v2\/pages"}],"about":[{"href":"https:\/\/nicugane.ro\/nou\/wp-json\/wp\/v2\/types\/page"}],"author":[{"embeddable":true,"href":"https:\/\/nicugane.ro\/nou\/wp-json\/wp\/v2\/users\/2"}],"replies":[{"embeddable":true,"href":"https:\/\/nicugane.ro\/nou\/wp-json\/wp\/v2\/comments?post=155"}],"version-history":[{"count":4,"href":"https:\/\/nicugane.ro\/nou\/wp-json\/wp\/v2\/pages\/155\/revisions"}],"predecessor-version":[{"id":159,"href":"https:\/\/nicugane.ro\/nou\/wp-json\/wp\/v2\/pages\/155\/revisions\/159"}],"up":[{"embeddable":true,"href":"https:\/\/nicugane.ro\/nou\/wp-json\/wp\/v2\/pages\/119"}],"wp:attachment":[{"href":"https:\/\/nicugane.ro\/nou\/wp-json\/wp\/v2\/media?parent=155"}],"wp:term":[{"taxonomy":"category","embeddable":true,"href":"https:\/\/nicugane.ro\/nou\/wp-json\/wp\/v2\/categories?post=155"}],"curies":[{"name":"wp","href":"https:\/\/api.w.org\/{rel}","templated":true}]}}