{"id":1190,"date":"2019-02-01T20:00:22","date_gmt":"2019-02-01T18:00:22","guid":{"rendered":"http:\/\/nicugane.ro\/nou\/?page_id=1190"},"modified":"2019-02-01T20:03:39","modified_gmt":"2019-02-01T18:03:39","slug":"extrascolare","status":"publish","type":"page","link":"https:\/\/nicugane.ro\/nou\/extrascolare\/","title":{"rendered":"Extra\u0219colare"},"content":{"rendered":"<h3>Campania R.E.S.P.E.C.T.<\/h3>\n<p>\u00cen perioada 28 ianuarie \u2013 1 februarie 2019 s-a derulat Campania de prevenire a violen\u021bei RESPECT ini\u021biat\u0103 de I.\u0218.J. Suceava \u2013 educa\u021bie permanent\u0103 cu scopul de a preveni agresivitatea \u0219i violen\u021ba \u00een mediul \u0219colar prin exersarea unor comportamente \u0219i atitudini civilizate de c\u0103tre copii \u0219i elevi, \u00een mediul \u0219colar \u0219i \u00een afara acestuia, astfel \u00eenc\u00e2t ace\u0219tia s\u0103 se manifeste cu responsabilitate, s\u0103 fie capabili s\u0103-\u0219i gestioneze emo\u021biile, \u00een deplin\u0103 siguran\u021b\u0103, printr-o atitudine tolerant\u0103, preventiv\u0103, comunic\u00e2nd activ, asertiv \u0219i nonviolent. Componentele campaniei: Responsabilitate. Educa\u021bie. Siguran\u021b\u0103. Preven\u021bie. Emo\u021bie. Comunicare. Toleran\u021b\u0103.<br \/>\nPe parcursul s\u0103pt\u0103m\u00e2nii nonviolen\u021bei, Colegiul Na\u021bional \u201cNicu Gane\u201d din F\u0103lticeni a ini\u021biat proiectul R.E.S.P.E.C.T. \u0219i NONVIOLEN\u021a\u0102 care a cuprins cinci activit\u0103\u021bi \u00een care au fost implica\u021bi 80 de elevi din clasele a IX-a \u2013 a XII-a.<\/p>\n<p>Linkuri articole pe larg:<\/p>\n<p><a href=\"https:\/\/nicugane.ro\/nou\/wp-content\/uploads\/2019\/02\/Activitati_RESPECT.pdf\">Activitati_RESPECT<\/a><\/p>\n<p><a href=\"https:\/\/nicugane.ro\/nou\/wp-content\/uploads\/2019\/02\/proiect_nonviolenta.pdf\">Proiect_nonviolenta<\/a><\/p>\n<p>&nbsp;<\/p>\n<p><img decoding=\"async\" loading=\"lazy\" class=\" wp-image-1192 aligncenter\" src=\"https:\/\/nicugane.ro\/nou\/wp-content\/uploads\/2019\/02\/afis_RESPECT-215x300.png\" alt=\"\" width=\"234\" height=\"327\" srcset=\"https:\/\/nicugane.ro\/nou\/wp-content\/uploads\/2019\/02\/afis_RESPECT-215x300.png 215w, https:\/\/nicugane.ro\/nou\/wp-content\/uploads\/2019\/02\/afis_RESPECT-194x270.png 194w, https:\/\/nicugane.ro\/nou\/wp-content\/uploads\/2019\/02\/afis_RESPECT.png 334w\" sizes=\"(max-width: 234px) 100vw, 234px\" \/><\/p>\n<p>&nbsp;<\/p>\n","protected":false},"excerpt":{"rendered":"<p>Campania R.E.S.P.E.C.T. \u00cen perioada 28 ianuarie \u2013 1 februarie 2019 s-a derulat Campania de prevenire a violen\u021bei RESPECT ini\u021biat\u0103 de I.\u0218.J. Suceava \u2013 educa\u021bie permanent\u0103 cu scopul de a preveni agresivitatea \u0219i violen\u021ba \u00een mediul \u0219colar prin exersarea unor comportamente <a href=\"https:\/\/nicugane.ro\/nou\/extrascolare\/\" class=\"read-more\">Citi\u021bi mai mult&#8230;<\/a><\/p>\n","protected":false},"author":1,"featured_media":0,"parent":0,"menu_order":0,"comment_status":"closed","ping_status":"closed","template":"","meta":[],"categories":[],"_links":{"self":[{"href":"https:\/\/nicugane.ro\/nou\/wp-json\/wp\/v2\/pages\/1190"}],"collection":[{"href":"https:\/\/nicugane.ro\/nou\/wp-json\/wp\/v2\/pages"}],"about":[{"href":"https:\/\/nicugane.ro\/nou\/wp-json\/wp\/v2\/types\/page"}],"author":[{"embeddable":true,"href":"https:\/\/nicugane.ro\/nou\/wp-json\/wp\/v2\/users\/1"}],"replies":[{"embeddable":true,"href":"https:\/\/nicugane.ro\/nou\/wp-json\/wp\/v2\/comments?post=1190"}],"version-history":[{"count":3,"href":"https:\/\/nicugane.ro\/nou\/wp-json\/wp\/v2\/pages\/1190\/revisions"}],"predecessor-version":[{"id":1197,"href":"https:\/\/nicugane.ro\/nou\/wp-json\/wp\/v2\/pages\/1190\/revisions\/1197"}],"wp:attachment":[{"href":"https:\/\/nicugane.ro\/nou\/wp-json\/wp\/v2\/media?parent=1190"}],"wp:term":[{"taxonomy":"category","embeddable":true,"href":"https:\/\/nicugane.ro\/nou\/wp-json\/wp\/v2\/categories?post=1190"}],"curies":[{"name":"wp","href":"https:\/\/api.w.org\/{rel}","templated":true}]}}