{"id":114,"date":"2016-06-03T10:24:21","date_gmt":"2016-06-03T08:24:21","guid":{"rendered":"http:\/\/nicugane.ro\/nou\/?page_id=114"},"modified":"2021-11-01T09:03:55","modified_gmt":"2021-11-01T07:03:55","slug":"sefi-de-promotie-1990-2010","status":"publish","type":"page","link":"https:\/\/nicugane.ro\/nou\/istoric\/sefi-de-promotie-1990-2010\/","title":{"rendered":"\u015eefi de promo\u0163ie 1990-2021"},"content":{"rendered":"<p>\u00a0<\/p>\n<table border=\"0.5\" cellspacing=\"0\" cellpadding=\"0\">\n<tbody>\n<tr>\n<td valign=\"middle\" width=\"96\">\n<p class=\"style20\" align=\"center\">Promo\u0163ia<\/p>\n<\/td>\n<td valign=\"middle\" width=\"247\">\n<p class=\"style20\" align=\"center\">Numele si prenumele elevului<\/p>\n<\/td>\n<td valign=\"middle\" width=\"61\">\n<p class=\"style20\" align=\"center\">Clasa<\/p>\n<\/td>\n<td valign=\"middle\" width=\"138\">\n<p class=\"style6\" align=\"center\"><strong>Media generala<\/strong> <strong>(IX-XII)<\/strong><\/p>\n<\/td>\n<\/tr>\n<tr>\n<td valign=\"middle\" width=\"96\">\n<p class=\"style6\" align=\"center\">1990<\/p>\n<\/td>\n<td valign=\"middle\" width=\"247\">\n<p class=\"style6\" align=\"left\">Iftimoaia C\u0103t\u0103lina Maria<\/p>\n<\/td>\n<td valign=\"middle\" width=\"61\">\n<p class=\"style6\" align=\"center\">XII A<\/p>\n<\/td>\n<td valign=\"middle\" width=\"138\">\n<p class=\"style6\" align=\"center\">9,41<\/p>\n<\/td>\n<\/tr>\n<tr>\n<td valign=\"middle\" width=\"96\">\n<p class=\"style6\" align=\"center\">1991<\/p>\n<\/td>\n<td valign=\"middle\" width=\"247\">\n<p class=\"style6\" align=\"left\">Sandovici Ionel<\/p>\n<\/td>\n<td valign=\"middle\" width=\"61\">\n<p class=\"style6\" align=\"center\">XII A<\/p>\n<\/td>\n<td valign=\"middle\" width=\"138\">\n<p class=\"style6\" align=\"center\">9,31<\/p>\n<\/td>\n<\/tr>\n<tr>\n<td valign=\"middle\" width=\"96\">\n<p class=\"style6\" align=\"center\">1992<\/p>\n<\/td>\n<td valign=\"middle\" width=\"247\">\n<p class=\"style6\" align=\"left\">Iftime Orest<\/p>\n<\/td>\n<td valign=\"middle\" width=\"61\">\n<p class=\"style6\" align=\"center\">XII A<\/p>\n<\/td>\n<td valign=\"middle\" width=\"138\">\n<p class=\"style6\" align=\"center\">9,59<\/p>\n<\/td>\n<\/tr>\n<tr>\n<td valign=\"middle\" width=\"96\">\n<p class=\"style6\" align=\"center\">1993<\/p>\n<\/td>\n<td valign=\"middle\" width=\"247\">\n<p class=\"style6\" align=\"left\">\u0162ip\u0103u Camelia<\/p>\n<\/td>\n<td valign=\"middle\" width=\"61\">\n<p class=\"style6\" align=\"center\">XII A<\/p>\n<\/td>\n<td valign=\"middle\" width=\"138\">\n<p class=\"style6\" align=\"center\">9,38<\/p>\n<\/td>\n<\/tr>\n<tr>\n<td valign=\"middle\" width=\"96\">\n<p class=\"style6\" align=\"center\">1994<\/p>\n<\/td>\n<td valign=\"middle\" width=\"247\">\n<p class=\"style6\" align=\"left\">Sandovici Maria<\/p>\n<\/td>\n<td valign=\"middle\" width=\"61\">\n<p class=\"style6\" align=\"center\">XII D<\/p>\n<\/td>\n<td valign=\"middle\" width=\"138\">\n<p class=\"style6\" align=\"center\">9,94<\/p>\n<\/td>\n<\/tr>\n<tr>\n<td valign=\"middle\" width=\"96\">\n<p class=\"style6\" align=\"center\">1995<\/p>\n<\/td>\n<td valign=\"middle\" width=\"247\">\n<p class=\"style6\" align=\"left\">Grigoriu R\u0103zvan George<\/p>\n<\/td>\n<td valign=\"middle\" width=\"61\">\n<p class=\"style6\" align=\"center\">XII A<\/p>\n<\/td>\n<td valign=\"middle\" width=\"138\">\n<p class=\"style6\" align=\"center\">9,85<\/p>\n<\/td>\n<\/tr>\n<tr>\n<td valign=\"middle\" width=\"96\">\n<p class=\"style6\" align=\"center\">1996<\/p>\n<\/td>\n<td valign=\"middle\" width=\"247\">\n<p class=\"style6\" align=\"left\">Lep\u015fa Mioara<\/p>\n<\/td>\n<td valign=\"middle\" width=\"61\">\n<p class=\"style6\" align=\"center\">XII F<\/p>\n<\/td>\n<td valign=\"middle\" width=\"138\">\n<p class=\"style6\" align=\"center\">9,70<\/p>\n<\/td>\n<\/tr>\n<tr>\n<td valign=\"middle\" width=\"96\">\n<p class=\"style6\" align=\"center\">1997<\/p>\n<\/td>\n<td valign=\"middle\" width=\"247\">\n<p class=\"style6\" align=\"left\">Cojocaru Oana<\/p>\n<\/td>\n<td valign=\"middle\" width=\"61\">\n<p class=\"style6\" align=\"center\">XII B<\/p>\n<\/td>\n<td valign=\"middle\" width=\"138\">\n<p class=\"style6\" align=\"center\">9,60<\/p>\n<\/td>\n<\/tr>\n<tr>\n<td valign=\"middle\" width=\"96\">\n<p class=\"style6\" align=\"center\">1998<\/p>\n<\/td>\n<td valign=\"middle\" width=\"247\">\n<p class=\"style6\" align=\"left\">Beraru Alexandru<\/p>\n<\/td>\n<td valign=\"middle\" width=\"61\">\n<p class=\"style6\" align=\"center\">XII B<\/p>\n<\/td>\n<td valign=\"middle\" width=\"138\">\n<p class=\"style6\" align=\"center\">9,69<\/p>\n<\/td>\n<\/tr>\n<tr>\n<td valign=\"middle\" width=\"96\">\n<p class=\"style6\" align=\"center\">1999<\/p>\n<\/td>\n<td valign=\"middle\" width=\"247\">\n<p class=\"style6\" align=\"left\">Sturzu Cristina<\/p>\n<\/td>\n<td valign=\"middle\" width=\"61\">\n<p class=\"style6\" align=\"center\">XII G<\/p>\n<\/td>\n<td valign=\"middle\" width=\"138\">\n<p class=\"style6\" align=\"center\">9,69<\/p>\n<\/td>\n<\/tr>\n<tr>\n<td valign=\"middle\" width=\"96\">\n<p class=\"style6\" align=\"center\">2000<\/p>\n<\/td>\n<td valign=\"middle\" width=\"247\">\n<p class=\"style6\" align=\"left\">Olariu Adriana<\/p>\n<\/td>\n<td valign=\"middle\" width=\"61\">\n<p class=\"style6\" align=\"center\">XII G<\/p>\n<\/td>\n<td valign=\"middle\" width=\"138\">\n<p class=\"style6\" align=\"center\">9,77<\/p>\n<\/td>\n<\/tr>\n<tr>\n<td valign=\"middle\" width=\"96\">\n<p class=\"style6\" align=\"center\">2001<\/p>\n<\/td>\n<td valign=\"middle\" width=\"247\">\n<p class=\"style6\" align=\"left\">Moro\u015fanu Carmen Beatrice<\/p>\n<\/td>\n<td valign=\"middle\" width=\"61\">\n<p class=\"style6\" align=\"center\">XII B<\/p>\n<\/td>\n<td valign=\"middle\" width=\"138\">\n<p class=\"style6\" align=\"center\">9,80<\/p>\n<\/td>\n<\/tr>\n<tr>\n<td valign=\"middle\" width=\"96\">\n<p class=\"style6\" align=\"center\">2002<\/p>\n<\/td>\n<td valign=\"middle\" width=\"247\">\n<p class=\"style6\" align=\"left\">Nedelcu Elena<\/p>\n<\/td>\n<td valign=\"middle\" width=\"61\">\n<p class=\"style6\" align=\"center\">XII A<\/p>\n<\/td>\n<td valign=\"middle\" width=\"138\">\n<p class=\"style6\" align=\"center\">9,81<\/p>\n<\/td>\n<\/tr>\n<tr>\n<td valign=\"middle\" width=\"96\">\n<p class=\"style6\" align=\"center\">2003<\/p>\n<\/td>\n<td valign=\"middle\" width=\"247\">\n<p class=\"style6\" align=\"left\">Ni\u0163\u0103 Adriana<\/p>\n<\/td>\n<td valign=\"middle\" width=\"61\">\n<p class=\"style6\" align=\"center\">XII A<\/p>\n<\/td>\n<td valign=\"middle\" width=\"138\">\n<p class=\"style6\" align=\"center\">9,93<\/p>\n<\/td>\n<\/tr>\n<tr>\n<td valign=\"middle\" width=\"96\">\n<p class=\"style6\" align=\"center\">2004<\/p>\n<\/td>\n<td valign=\"middle\" width=\"247\">\n<p class=\"style6\" align=\"left\">S\u0103c\u0103tureanu Olivia Paula<\/p>\n<\/td>\n<td valign=\"middle\" width=\"61\">\n<p class=\"style6\" align=\"center\">XII A<\/p>\n<\/td>\n<td valign=\"middle\" width=\"138\">\n<p class=\"style6\" align=\"center\">9,90<\/p>\n<\/td>\n<\/tr>\n<tr>\n<td valign=\"middle\" width=\"96\">\n<p class=\"style6\" align=\"center\">2005<\/p>\n<\/td>\n<td valign=\"middle\" width=\"247\">\n<p class=\"style6\" align=\"left\">S\u0103c\u0103tureanu Constantina Flavia<\/p>\n<\/td>\n<td valign=\"middle\" width=\"61\">\n<p class=\"style6\" align=\"center\">XII A<\/p>\n<\/td>\n<td valign=\"middle\" width=\"138\">\n<p class=\"style6\" align=\"center\">9,91<\/p>\n<\/td>\n<\/tr>\n<tr>\n<td valign=\"middle\" width=\"96\">\n<p class=\"style6\" align=\"center\">2006<\/p>\n<\/td>\n<td valign=\"middle\" width=\"247\">\n<p class=\"style6\" align=\"left\">Faraon Ligia<\/p>\n<\/td>\n<td valign=\"middle\" width=\"61\">\n<p class=\"style6\" align=\"center\">XII C<\/p>\n<\/td>\n<td valign=\"middle\" width=\"138\">\n<p class=\"style6\" align=\"center\">9,96<\/p>\n<\/td>\n<\/tr>\n<tr>\n<td valign=\"middle\" width=\"96\">\n<p class=\"style6\" align=\"center\">2007<\/p>\n<\/td>\n<td valign=\"middle\" width=\"247\">\n<p class=\"style6\" align=\"left\">Barto\u015f Lavinia<\/p>\n<\/td>\n<td valign=\"middle\" width=\"61\">\n<p class=\"style6\" align=\"center\">XII A<\/p>\n<\/td>\n<td valign=\"middle\" width=\"138\">\n<p class=\"style6\" align=\"center\">10<\/p>\n<\/td>\n<\/tr>\n<tr>\n<td valign=\"middle\" width=\"96\">\n<p class=\"style6\" align=\"center\">2008<\/p>\n<\/td>\n<td valign=\"middle\" width=\"247\">\n<p class=\"style6\" align=\"left\">Ni\u0163\u0103 Ioana<\/p>\n<\/td>\n<td valign=\"middle\" width=\"61\">\n<p class=\"style6\" align=\"center\">XII A<\/p>\n<\/td>\n<td valign=\"middle\" width=\"138\">\n<p class=\"style6\" align=\"center\">9,98<\/p>\n<\/td>\n<\/tr>\n<tr>\n<td valign=\"middle\" width=\"96\">\n<p class=\"style6\" align=\"center\">2009<\/p>\n<\/td>\n<td valign=\"middle\" width=\"247\">\n<p class=\"style6\" align=\"left\">B\u0103l\u0103u Ana-Luiza<\/p>\n<\/td>\n<td valign=\"middle\" width=\"61\">\n<p class=\"style6\" align=\"center\">XII B<\/p>\n<\/td>\n<td valign=\"middle\" width=\"138\">\n<p class=\"style6\" align=\"center\">9,95<\/p>\n<\/td>\n<\/tr>\n<tr>\n<td valign=\"middle\" width=\"96\">\n<p class=\"style6\" align=\"center\">2010<\/p>\n<\/td>\n<td valign=\"middle\" width=\"247\">\n<p class=\"style6\" align=\"left\">Popescu Adnana-Elena<\/p>\n<\/td>\n<td valign=\"middle\" width=\"61\">\n<p class=\"style6\" align=\"center\">XII F<\/p>\n<\/td>\n<td valign=\"middle\" width=\"138\">\n<p class=\"style6\" align=\"center\">10<\/p>\n<\/td>\n<\/tr>\n<tr>\n<td valign=\"middle\">\n<p class=\"style6\" align=\"center\">2011<\/p>\n<\/td>\n<td valign=\"middle\">\n<p class=\"style6\" align=\"left\">Vamanu Ionela<\/p>\n<\/td>\n<td valign=\"middle\">\n<p class=\"style6\" align=\"center\">XII H<\/p>\n<\/td>\n<td valign=\"middle\">\n<p class=\"style6\" align=\"center\">10<\/p>\n<\/td>\n<\/tr>\n<tr>\n<td valign=\"middle\">\n<p class=\"style6\" align=\"center\">2012<\/p>\n<\/td>\n<td valign=\"middle\">\n<p class=\"style6\" align=\"left\">B\u00eersanu George-Costin<\/p>\n<\/td>\n<td valign=\"middle\">\n<p class=\"style6\" align=\"center\">XII A<\/p>\n<\/td>\n<td valign=\"middle\">\n<p class=\"style6\" align=\"center\">9.97<\/p>\n<\/td>\n<\/tr>\n<tr>\n<td valign=\"middle\">\n<p class=\"style6\" align=\"center\">2013<\/p>\n<\/td>\n<td valign=\"middle\">\n<p class=\"style6\" align=\"left\">C\u00e2mpanu Iulia-Maria<\/p>\n<\/td>\n<td valign=\"middle\">\n<p class=\"style6\" align=\"center\">XII A<\/p>\n<\/td>\n<td valign=\"middle\">\n<p class=\"style6\" align=\"center\">9.96<\/p>\n<\/td>\n<\/tr>\n<tr>\n<td valign=\"middle\">\n<p class=\"style6\" align=\"center\">2014<\/p>\n<\/td>\n<td valign=\"middle\">\n<p class=\"style6\" align=\"left\">Tracicaru Rare\u015f-Vasile<\/p>\n<\/td>\n<td valign=\"middle\">\n<p class=\"style6\" align=\"center\">XII B<\/p>\n<\/td>\n<td valign=\"middle\">\n<p class=\"style6\" align=\"center\">10<\/p>\n<\/td>\n<\/tr>\n<tr>\n<td valign=\"middle\">\n<p class=\"style6\" align=\"center\">2015<\/p>\n<\/td>\n<td valign=\"middle\">\n<p class=\"style6\" align=\"left\">Buruian\u0103 Andrei<\/p>\n<p class=\"style6\" align=\"left\">Ro\u0219ca Teodor<\/p>\n<\/td>\n<td valign=\"middle\">\n<p class=\"style6\" align=\"center\">XII A<\/p>\n<\/td>\n<td valign=\"middle\">\n<p class=\"style6\" align=\"center\">9.98<\/p>\n<\/td>\n<\/tr>\n<tr>\n<td valign=\"middle\">\n<p class=\"style6\" align=\"center\">2016<\/p>\n<\/td>\n<td valign=\"middle\">\n<p class=\"style6\" align=\"left\">Bompa Remus-\u015etefan<\/p>\n<p class=\"style6\" align=\"left\">Ciobanu Andra Sorina<\/p>\n<p class=\"style6\" align=\"left\">Monoranu Andrada<\/p>\n<p class=\"style6\" align=\"left\">Gavrilu\u0163\u0103 Simona-Maria<\/p>\n<\/td>\n<td valign=\"middle\">\u00a0<\/td>\n<td valign=\"middle\">\n<p class=\"style6\" align=\"center\">10<\/p>\n<\/td>\n<\/tr>\n<tr>\n<td valign=\"middle\">\n<p class=\"style6\" align=\"center\">2017<\/p>\n<\/td>\n<td valign=\"middle\">\n<p class=\"style6\" align=\"left\">En\u0103chioiu Teofana<\/p>\n<\/td>\n<td valign=\"middle\">\n<p class=\"style6\" align=\"center\">XII A<\/p>\n<\/td>\n<td valign=\"middle\">\n<p class=\"style6\" align=\"center\">9.99<\/p>\n<\/td>\n<\/tr>\n<tr>\n<td valign=\"middle\">\n<p class=\"style6\" align=\"center\">2018<\/p>\n<\/td>\n<td valign=\"middle\">\n<p class=\"style6\" align=\"left\">Cioc\u00eerlan Irina<\/p>\n<p class=\"style6\" align=\"left\">Cotun Ana-Maria<\/p>\n<p class=\"style6\" align=\"left\">Moro\u0219an Ana Maria<\/p>\n<\/td>\n<td valign=\"middle\">XII A<\/td>\n<td valign=\"middle\">\n<p class=\"style6\" align=\"center\">10<\/p>\n<\/td>\n<\/tr>\n<tr>\n<td valign=\"middle\">\n<p class=\"style6\" align=\"center\">2019<\/p>\n<\/td>\n<td valign=\"middle\">\n<p class=\"style6\" align=\"left\">Gherman Lavinia<\/p>\n<\/td>\n<td valign=\"middle\">\n<p class=\"style6\" align=\"center\">XII E<\/p>\n<\/td>\n<td valign=\"middle\">\n<p class=\"style6\" align=\"center\">10<\/p>\n<\/td>\n<\/tr>\n<\/tbody>\n<\/table>\n<table style=\"height: 330px;\" width=\"579\">\n<tbody>\n<tr>\n<td style=\"text-align: center;\" width=\"64\">2020\u00a0 \u00a0 \u00a0 \u00a0 \u00a0 \u00a0 \u00a0 \u00a0 \u00a0 \u00a0 \u00a0 \u00a0<\/td>\n<td style=\"text-align: left;\" width=\"188\">Strugaru Coismina &#8211; MIhaela\u00a0<\/td>\n<td style=\"text-align: left;\" width=\"64\">XII A<\/td>\n<td style=\"text-align: left;\" width=\"64\">9,92<\/td>\n<\/tr>\n<tr>\n<td>\u00a0<\/td>\n<td style=\"text-align: left;\">\u0218old\u0103nescu Teona\u00a0<\/td>\n<td style=\"text-align: left;\">XII A<\/td>\n<td style=\"text-align: left;\">9,92<\/td>\n<\/tr>\n<tr>\n<td style=\"text-align: center;\">2021\u00a0 \u00a0 \u00a0 \u00a0 \u00a0 \u00a0 \u00a0 \u00a0 \u00a0 \u00a0 \u00a0 \u00a0 \u00a0\u00a0<\/td>\n<td style=\"text-align: left;\">Vultur Lavinia Christiana<\/td>\n<td style=\"text-align: left;\">XII F<\/td>\n<td style=\"text-align: left;\">10<\/td>\n<\/tr>\n<\/tbody>\n<\/table>\n\n\n<p><\/p>\n","protected":false},"excerpt":{"rendered":"<p>\u00a0 Promo\u0163ia Numele si prenumele elevului Clasa Media generala (IX-XII) 1990 Iftimoaia C\u0103t\u0103lina Maria XII A 9,41 1991 Sandovici Ionel XII A 9,31 1992 Iftime Orest XII A 9,59 1993 \u0162ip\u0103u Camelia XII A 9,38 1994 Sandovici Maria XII D <a href=\"https:\/\/nicugane.ro\/nou\/istoric\/sefi-de-promotie-1990-2010\/\" class=\"read-more\">Citi\u021bi mai mult&#8230;<\/a><\/p>\n","protected":false},"author":2,"featured_media":0,"parent":81,"menu_order":0,"comment_status":"closed","ping_status":"closed","template":"","meta":[],"categories":[4],"_links":{"self":[{"href":"https:\/\/nicugane.ro\/nou\/wp-json\/wp\/v2\/pages\/114"}],"collection":[{"href":"https:\/\/nicugane.ro\/nou\/wp-json\/wp\/v2\/pages"}],"about":[{"href":"https:\/\/nicugane.ro\/nou\/wp-json\/wp\/v2\/types\/page"}],"author":[{"embeddable":true,"href":"https:\/\/nicugane.ro\/nou\/wp-json\/wp\/v2\/users\/2"}],"replies":[{"embeddable":true,"href":"https:\/\/nicugane.ro\/nou\/wp-json\/wp\/v2\/comments?post=114"}],"version-history":[{"count":26,"href":"https:\/\/nicugane.ro\/nou\/wp-json\/wp\/v2\/pages\/114\/revisions"}],"predecessor-version":[{"id":2217,"href":"https:\/\/nicugane.ro\/nou\/wp-json\/wp\/v2\/pages\/114\/revisions\/2217"}],"up":[{"embeddable":true,"href":"https:\/\/nicugane.ro\/nou\/wp-json\/wp\/v2\/pages\/81"}],"wp:attachment":[{"href":"https:\/\/nicugane.ro\/nou\/wp-json\/wp\/v2\/media?parent=114"}],"wp:term":[{"taxonomy":"category","embeddable":true,"href":"https:\/\/nicugane.ro\/nou\/wp-json\/wp\/v2\/categories?post=114"}],"curies":[{"name":"wp","href":"https:\/\/api.w.org\/{rel}","templated":true}]}}