{"id":1136,"date":"2018-10-29T02:34:42","date_gmt":"2018-10-29T00:34:42","guid":{"rendered":"http:\/\/nicugane.ro\/nou\/?page_id=1136"},"modified":"2021-11-05T08:39:52","modified_gmt":"2021-11-05T06:39:52","slug":"clubul-de-robotica-bit-be-innovative-tehnology","status":"publish","type":"page","link":"https:\/\/nicugane.ro\/nou\/activitati\/clubul-de-robotica-bit-be-innovative-tehnology\/","title":{"rendered":"Clubul de robotic\u0103 BIT (Be Innovative in Tehnology)"},"content":{"rendered":"<p>Robotica este \u0219tiin\u021ba care se ocup\u0103 cu tehnologia, proiectarea \u0219i fabricarea robo\u021bilor. Robotica necesit\u0103 cuno\u0219tin\u021be de electronic\u0103, mecanic\u0103 \u0219i programare. Cea mai mare parte a elevilor \u00eenva\u021b\u0103 \u00eentr-o manier\u0103 concret\u0103, experiment\u00e2nd sau sim\u021bind, proceseaz\u0103 informa\u021bia activ, f\u0103c\u00e2nd experimente sau ac\u021bion\u00e2nd. Domeniul Roboticii este un domeniu interdisciplinar. Pentru a putea rezolva cu succes o sarcina de lucru sunt necesare cuno\u0219tin\u021be aplicate de matematic\u0103, fizic\u0103, inginerie \u0219i programare.<\/p>\n<p>Mai multe despre Clubul de robotic\u0103 po\u021bi g\u0103si pe pagina web a clubului: <a href=\"http:\/\/www.nicugane.ro\/Arduino\">www.nicugane.ro\/Arduino<\/a><\/p>\n","protected":false},"excerpt":{"rendered":"<p>Robotica este \u0219tiin\u021ba care se ocup\u0103 cu tehnologia, proiectarea \u0219i fabricarea robo\u021bilor. Robotica necesit\u0103 cuno\u0219tin\u021be de electronic\u0103, mecanic\u0103 \u0219i programare. Cea mai mare parte a elevilor \u00eenva\u021b\u0103 \u00eentr-o manier\u0103 concret\u0103, experiment\u00e2nd sau sim\u021bind, proceseaz\u0103 informa\u021bia activ, f\u0103c\u00e2nd experimente sau ac\u021bion\u00e2nd. <a href=\"https:\/\/nicugane.ro\/nou\/activitati\/clubul-de-robotica-bit-be-innovative-tehnology\/\" class=\"read-more\">Citi\u021bi mai mult&#8230;<\/a><\/p>\n","protected":false},"author":1,"featured_media":0,"parent":214,"menu_order":0,"comment_status":"closed","ping_status":"closed","template":"","meta":[],"categories":[],"_links":{"self":[{"href":"https:\/\/nicugane.ro\/nou\/wp-json\/wp\/v2\/pages\/1136"}],"collection":[{"href":"https:\/\/nicugane.ro\/nou\/wp-json\/wp\/v2\/pages"}],"about":[{"href":"https:\/\/nicugane.ro\/nou\/wp-json\/wp\/v2\/types\/page"}],"author":[{"embeddable":true,"href":"https:\/\/nicugane.ro\/nou\/wp-json\/wp\/v2\/users\/1"}],"replies":[{"embeddable":true,"href":"https:\/\/nicugane.ro\/nou\/wp-json\/wp\/v2\/comments?post=1136"}],"version-history":[{"count":3,"href":"https:\/\/nicugane.ro\/nou\/wp-json\/wp\/v2\/pages\/1136\/revisions"}],"predecessor-version":[{"id":2235,"href":"https:\/\/nicugane.ro\/nou\/wp-json\/wp\/v2\/pages\/1136\/revisions\/2235"}],"up":[{"embeddable":true,"href":"https:\/\/nicugane.ro\/nou\/wp-json\/wp\/v2\/pages\/214"}],"wp:attachment":[{"href":"https:\/\/nicugane.ro\/nou\/wp-json\/wp\/v2\/media?parent=1136"}],"wp:term":[{"taxonomy":"category","embeddable":true,"href":"https:\/\/nicugane.ro\/nou\/wp-json\/wp\/v2\/categories?post=1136"}],"curies":[{"name":"wp","href":"https:\/\/api.w.org\/{rel}","templated":true}]}}