{"id":106,"date":"2016-06-03T10:14:40","date_gmt":"2016-06-03T08:14:40","guid":{"rendered":"http:\/\/nicugane.ro\/nou\/?page_id=106"},"modified":"2016-06-03T10:17:02","modified_gmt":"2016-06-03T08:17:02","slug":"fosti-profesori","status":"publish","type":"page","link":"https:\/\/nicugane.ro\/nou\/istoric\/fosti-profesori\/","title":{"rendered":"Fo\u015fti profesori"},"content":{"rendered":"<h3 style=\"text-align: center;\"><strong>Cadrele didactice dup\u0103 r\u0103zboi p\u00e2n\u0103 la centenar<\/strong><\/h3>\n<p>&nbsp;<\/p>\n<p style=\"text-align: justify;\"><strong>Limba rom\u00e2n\u0103:<\/strong><br \/>\nDan Protopopescu, Vasile Ast\u0103r\u0103stoaie, Eugenia Scripcaru, Vasile Popa, Petru Rocna, Ovidiu Homescu, Olga Ili\u015fescu, Constantin Dr\u0103gul\u0103nescu, Mioara Gafencu;<br \/>\n<strong>Matematic\u0103:<\/strong><br \/>\nSorin Gorovei, C. S\u0103ndulache, Boris Buruian\u0103, Vasile Poleac, Gheorghe Giurgea, Gheorghe Lungu, David \u015fi Haim Rimer, H. \u015eain, Grunvald, Didina Iacob, Violeta Alionte, Constantin Ilioaia, Doina Cozma, Tatiana Ioanovici;<br \/>\n<strong>Fizic\u0103:<\/strong><br \/>\nGheorghe Israil, Eugen Osade\u0163, Vasile Bogd\u0103ne\u0163, Alexandru. Socoleanu,\u00a0 Romeo \u015efichi, A. Schafter, Ion Merche\u015f, Maria Balan, Maria Grigorescu, Constantin Popa;<br \/>\n<strong>Chimie:<\/strong><br \/>\nVasile Bogd\u0103ne\u0163, Maria Grigorescu, \u015etefan Foc\u015fa, Maria Havri\u015f, Aspazia, Mancu, Eugen Veli\u015fcu;<br \/>\n<strong>\u015etiin\u0163ele naturii:<\/strong><br \/>\nNicolae Onofriesei, Nastac Aspazia, Apetrei Mariana, Paula Strugaru, Maria Balan, Alexandrina N\u0103stac\u0103, Eliza Manoliu, Nicolae B\u00e2rg\u0103oanu;<br \/>\n<strong>Geografie:<\/strong><br \/>\nHaralambie B\u0103ie\u015fu, Ioan Baldazar, Maria M\u0103c\u0103rescu, Georgeta Baldazar, Dan Gheorghe, Zenovia Stafie;<br \/>\n<strong>Istoria:<\/strong><br \/>\nConstantin B\u00e2nzaru, Maria Milie\u015f, Geo Nichita, L. Ar\u015finel, B. Bogen, Gheorghe Gafencu, Elsa Dithardt;<br \/>\n<strong>\u015etiin\u0163e Sociale:<\/strong><br \/>\nIlie Grigore, Gheorghe Mocanu, Anastas Tahiridis.<br \/>\n<strong>Limba francez\u0103:<\/strong><br \/>\nA. G. Stino;<br \/>\n<strong>Limba latin\u0103:<\/strong><br \/>\nGheorghe Osade\u0163, Cornelia Ante;<br \/>\n<strong>Limba german\u0103:<\/strong><br \/>\nTraian Luchian, Dzulyba, Domnica Iriciuc;<br \/>\n<strong>Limba rus\u0103:<\/strong><br \/>\nVasile Bogd\u0103ne\u0163, Dzulyba Vladimir, B\u00eerliba Eugenia, Ceachir Valentina, Vladimir Martusievici, Ana Siegler, Silvia Fe\u015ftil\u0103;<br \/>\n<strong>Muzic\u0103:<\/strong><br \/>\nfarmacistul Offemberg, Popescu Dumitru,Vladimir Martusievici, Elena Condurache;<br \/>\n<strong>Sport:<\/strong><br \/>\nNicolae Turcu, A. Moga, Vasile Onciu, Viorica Ionescu, Ion Boicu, Eusebiu Novechi;<br \/>\n<strong>Religia:<\/strong><br \/>\nVasile Popa, V. Florea, Leonida Gavrilescu, Ilie Anisescu, Ion Lungu;<br \/>\n<strong>Desen:<\/strong><br \/>\nGrumvald Laz\u0103r, M. Mihailescu, Mihai Aioanei, Vasile Ionescu, Gheorghe \u015earu, Ion Frasiniuc;<br \/>\n<strong>Lucru manual:<\/strong><br \/>\nDrago\u015f Danilevici, Petre Zaharioaia, C. Pricop, Gheorghe. Lupa\u015fcu, \u015et. D\u0103riu\u0163\u0103, Diaconescu Virgil;<br \/>\n<strong>\u00cenv\u0103\u0163\u0103tori:<\/strong><br \/>\nLupu Ana, Constantin Ilioaia, Constantin T\u0103r\u0103boan\u0163\u0103, Dora Lozneanu, Andriescu Ion, Andriescu Minodora, R\u00e2nc\u0103 Zenovia, Cohn Ghizela, Negrea Viorica, Volosciuc Alexandrina, Hu\u015fanu Gheorghe, D. Gherasim, Maria Irimia, Despina Constantinescu.<\/p>\n","protected":false},"excerpt":{"rendered":"<p>Cadrele didactice dup\u0103 r\u0103zboi p\u00e2n\u0103 la centenar &nbsp; Limba rom\u00e2n\u0103: Dan Protopopescu, Vasile Ast\u0103r\u0103stoaie, Eugenia Scripcaru, Vasile Popa, Petru Rocna, Ovidiu Homescu, Olga Ili\u015fescu, Constantin Dr\u0103gul\u0103nescu, Mioara Gafencu; Matematic\u0103: Sorin Gorovei, C. S\u0103ndulache, Boris Buruian\u0103, Vasile Poleac, Gheorghe Giurgea, Gheorghe <a href=\"https:\/\/nicugane.ro\/nou\/istoric\/fosti-profesori\/\" class=\"read-more\">Citi\u021bi mai mult&#8230;<\/a><\/p>\n","protected":false},"author":2,"featured_media":0,"parent":81,"menu_order":0,"comment_status":"closed","ping_status":"closed","template":"","meta":[],"categories":[],"_links":{"self":[{"href":"https:\/\/nicugane.ro\/nou\/wp-json\/wp\/v2\/pages\/106"}],"collection":[{"href":"https:\/\/nicugane.ro\/nou\/wp-json\/wp\/v2\/pages"}],"about":[{"href":"https:\/\/nicugane.ro\/nou\/wp-json\/wp\/v2\/types\/page"}],"author":[{"embeddable":true,"href":"https:\/\/nicugane.ro\/nou\/wp-json\/wp\/v2\/users\/2"}],"replies":[{"embeddable":true,"href":"https:\/\/nicugane.ro\/nou\/wp-json\/wp\/v2\/comments?post=106"}],"version-history":[{"count":4,"href":"https:\/\/nicugane.ro\/nou\/wp-json\/wp\/v2\/pages\/106\/revisions"}],"predecessor-version":[{"id":111,"href":"https:\/\/nicugane.ro\/nou\/wp-json\/wp\/v2\/pages\/106\/revisions\/111"}],"up":[{"embeddable":true,"href":"https:\/\/nicugane.ro\/nou\/wp-json\/wp\/v2\/pages\/81"}],"wp:attachment":[{"href":"https:\/\/nicugane.ro\/nou\/wp-json\/wp\/v2\/media?parent=106"}],"wp:term":[{"taxonomy":"category","embeddable":true,"href":"https:\/\/nicugane.ro\/nou\/wp-json\/wp\/v2\/categories?post=106"}],"curies":[{"name":"wp","href":"https:\/\/api.w.org\/{rel}","templated":true}]}}